{"id":118,"date":"2019-08-31T13:11:05","date_gmt":"2019-08-31T11:11:05","guid":{"rendered":"https:\/\/zagorze.schoolpage.pl\/?page_id=118"},"modified":"2026-03-02T17:22:18","modified_gmt":"2026-03-02T16:22:18","slug":"dyrekcja","status":"publish","type":"page","link":"https:\/\/zagorze.schoolpage.pl\/index.php\/przedszkole\/dyrekcja\/","title":{"rendered":"Dyrekcja"},"content":{"rendered":"\n<p>DYREKTOR  PRZEDSZKOLA <br>\nprzyjmuje uwagi i wnioski w godzinach pracy administracyjnej<\/p>\n\n\n\n<hr class=\"wp-block-separator has-css-opacity\"\/>\n\n\n\n<p>Wszelkie uwagi i zapytania mo\u017cna r\u00f3wnie\u017c kierowa\u0107 za po\u015brednictwem dziennika elektronicznego.<\/p>\n\n\n\n<hr class=\"wp-block-separator has-css-opacity\"\/>\n\n\n\n<p>Prosimy rodzic\u00f3w o terminowe dokonywanie wp\u0142at za przedszkole od 1 do 15 \u2013 tego ka\u017cdego miesi\u0105ca.<\/p>\n\n\n\n<p>Rodzice s\u0105 zobowi\u0105zani do natychmiastowego pisemnego zg\u0142oszenia do dyrektora przedszkola swojej rezygnacji   z przedszkola.<\/p>\n\n\n\n<hr class=\"wp-block-separator has-css-opacity\"\/>\n","protected":false},"excerpt":{"rendered":"<p>DYREKTOR PRZEDSZKOLA przyjmuje uwagi i wnioski w godzinach pracy administracyjnej Wszelkie uwagi i zapytania mo\u017cna r\u00f3wnie\u017c kierowa\u0107 za po\u015brednictwem dziennika elektronicznego. Prosimy rodzic\u00f3w o terminowe dokonywanie wp\u0142at za przedszkole od 1 do 15 \u2013 tego ka\u017cdego miesi\u0105ca. Rodzice s\u0105 zobowi\u0105zani<\/p>\n","protected":false},"author":1,"featured_media":0,"parent":63,"menu_order":0,"comment_status":"closed","ping_status":"closed","template":"","meta":{"footnotes":""},"class_list":["post-118","page","type-page","status-publish","hentry"],"yoast_head":"<!-- This site is optimized with the Yoast SEO plugin v27.3 - https:\/\/yoast.com\/product\/yoast-seo-wordpress\/ -->\n<title>Dyrekcja - Przedszkole Zag\u00f3rze<\/title>\n<meta name=\"robots\" content=\"index, follow, max-snippet:-1, max-image-preview:large, max-video-preview:-1\" \/>\n<link rel=\"canonical\" href=\"https:\/\/zagorze.schoolpage.pl\/index.php\/przedszkole\/dyrekcja\/\" \/>\n<meta property=\"og:locale\" content=\"pl_PL\" \/>\n<meta property=\"og:type\" content=\"article\" \/>\n<meta property=\"og:title\" content=\"Dyrekcja - Przedszkole Zag\u00f3rze\" \/>\n<meta property=\"og:description\" content=\"DYREKTOR PRZEDSZKOLA przyjmuje uwagi i wnioski w godzinach pracy administracyjnej Wszelkie uwagi i zapytania mo\u017cna r\u00f3wnie\u017c kierowa\u0107 za po\u015brednictwem dziennika elektronicznego. Prosimy rodzic\u00f3w o terminowe dokonywanie wp\u0142at za przedszkole od 1 do 15 \u2013 tego ka\u017cdego miesi\u0105ca. Rodzice s\u0105 zobowi\u0105zani\" \/>\n<meta property=\"og:url\" content=\"https:\/\/zagorze.schoolpage.pl\/index.php\/przedszkole\/dyrekcja\/\" \/>\n<meta property=\"og:site_name\" content=\"Przedszkole Zag\u00f3rze\" \/>\n<meta property=\"article:modified_time\" content=\"2026-03-02T16:22:18+00:00\" \/>\n<meta name=\"twitter:card\" content=\"summary_large_image\" \/>\n<script type=\"application\/ld+json\" class=\"yoast-schema-graph\">{\"@context\":\"https:\\\/\\\/schema.org\",\"@graph\":[{\"@type\":\"WebPage\",\"@id\":\"https:\\\/\\\/zagorze.schoolpage.pl\\\/index.php\\\/przedszkole\\\/dyrekcja\\\/\",\"url\":\"https:\\\/\\\/zagorze.schoolpage.pl\\\/index.php\\\/przedszkole\\\/dyrekcja\\\/\",\"name\":\"Dyrekcja - Przedszkole Zag\u00f3rze\",\"isPartOf\":{\"@id\":\"https:\\\/\\\/zagorze.schoolpage.pl\\\/#website\"},\"datePublished\":\"2019-08-31T11:11:05+00:00\",\"dateModified\":\"2026-03-02T16:22:18+00:00\",\"breadcrumb\":{\"@id\":\"https:\\\/\\\/zagorze.schoolpage.pl\\\/index.php\\\/przedszkole\\\/dyrekcja\\\/#breadcrumb\"},\"inLanguage\":\"pl-PL\",\"potentialAction\":[{\"@type\":\"ReadAction\",\"target\":[\"https:\\\/\\\/zagorze.schoolpage.pl\\\/index.php\\\/przedszkole\\\/dyrekcja\\\/\"]}]},{\"@type\":\"BreadcrumbList\",\"@id\":\"https:\\\/\\\/zagorze.schoolpage.pl\\\/index.php\\\/przedszkole\\\/dyrekcja\\\/#breadcrumb\",\"itemListElement\":[{\"@type\":\"ListItem\",\"position\":1,\"name\":\"Strona g\u0142\u00f3wna\",\"item\":\"https:\\\/\\\/zagorze.schoolpage.pl\\\/\"},{\"@type\":\"ListItem\",\"position\":2,\"name\":\"Przedszkole\",\"item\":\"https:\\\/\\\/zagorze.schoolpage.pl\\\/index.php\\\/przedszkole\\\/\"},{\"@type\":\"ListItem\",\"position\":3,\"name\":\"Dyrekcja\"}]},{\"@type\":\"WebSite\",\"@id\":\"https:\\\/\\\/zagorze.schoolpage.pl\\\/#website\",\"url\":\"https:\\\/\\\/zagorze.schoolpage.pl\\\/\",\"name\":\"Przedszkole Zag\u00f3rze\",\"description\":\"ul. \u017belatowa 8, 32-555 Zag\u00f3rze\",\"potentialAction\":[{\"@type\":\"SearchAction\",\"target\":{\"@type\":\"EntryPoint\",\"urlTemplate\":\"https:\\\/\\\/zagorze.schoolpage.pl\\\/?s={search_term_string}\"},\"query-input\":{\"@type\":\"PropertyValueSpecification\",\"valueRequired\":true,\"valueName\":\"search_term_string\"}}],\"inLanguage\":\"pl-PL\"}]}<\/script>\n<!-- \/ Yoast SEO plugin. -->","yoast_head_json":{"title":"Dyrekcja - Przedszkole Zag\u00f3rze","robots":{"index":"index","follow":"follow","max-snippet":"max-snippet:-1","max-image-preview":"max-image-preview:large","max-video-preview":"max-video-preview:-1"},"canonical":"https:\/\/zagorze.schoolpage.pl\/index.php\/przedszkole\/dyrekcja\/","og_locale":"pl_PL","og_type":"article","og_title":"Dyrekcja - Przedszkole Zag\u00f3rze","og_description":"DYREKTOR PRZEDSZKOLA przyjmuje uwagi i wnioski w godzinach pracy administracyjnej Wszelkie uwagi i zapytania mo\u017cna r\u00f3wnie\u017c kierowa\u0107 za po\u015brednictwem dziennika elektronicznego. Prosimy rodzic\u00f3w o terminowe dokonywanie wp\u0142at za przedszkole od 1 do 15 \u2013 tego ka\u017cdego miesi\u0105ca. Rodzice s\u0105 zobowi\u0105zani","og_url":"https:\/\/zagorze.schoolpage.pl\/index.php\/przedszkole\/dyrekcja\/","og_site_name":"Przedszkole Zag\u00f3rze","article_modified_time":"2026-03-02T16:22:18+00:00","twitter_card":"summary_large_image","schema":{"@context":"https:\/\/schema.org","@graph":[{"@type":"WebPage","@id":"https:\/\/zagorze.schoolpage.pl\/index.php\/przedszkole\/dyrekcja\/","url":"https:\/\/zagorze.schoolpage.pl\/index.php\/przedszkole\/dyrekcja\/","name":"Dyrekcja - Przedszkole Zag\u00f3rze","isPartOf":{"@id":"https:\/\/zagorze.schoolpage.pl\/#website"},"datePublished":"2019-08-31T11:11:05+00:00","dateModified":"2026-03-02T16:22:18+00:00","breadcrumb":{"@id":"https:\/\/zagorze.schoolpage.pl\/index.php\/przedszkole\/dyrekcja\/#breadcrumb"},"inLanguage":"pl-PL","potentialAction":[{"@type":"ReadAction","target":["https:\/\/zagorze.schoolpage.pl\/index.php\/przedszkole\/dyrekcja\/"]}]},{"@type":"BreadcrumbList","@id":"https:\/\/zagorze.schoolpage.pl\/index.php\/przedszkole\/dyrekcja\/#breadcrumb","itemListElement":[{"@type":"ListItem","position":1,"name":"Strona g\u0142\u00f3wna","item":"https:\/\/zagorze.schoolpage.pl\/"},{"@type":"ListItem","position":2,"name":"Przedszkole","item":"https:\/\/zagorze.schoolpage.pl\/index.php\/przedszkole\/"},{"@type":"ListItem","position":3,"name":"Dyrekcja"}]},{"@type":"WebSite","@id":"https:\/\/zagorze.schoolpage.pl\/#website","url":"https:\/\/zagorze.schoolpage.pl\/","name":"Przedszkole Zag\u00f3rze","description":"ul. \u017belatowa 8, 32-555 Zag\u00f3rze","potentialAction":[{"@type":"SearchAction","target":{"@type":"EntryPoint","urlTemplate":"https:\/\/zagorze.schoolpage.pl\/?s={search_term_string}"},"query-input":{"@type":"PropertyValueSpecification","valueRequired":true,"valueName":"search_term_string"}}],"inLanguage":"pl-PL"}]}},"_links":{"self":[{"href":"https:\/\/zagorze.schoolpage.pl\/index.php\/wp-json\/wp\/v2\/pages\/118","targetHints":{"allow":["GET"]}}],"collection":[{"href":"https:\/\/zagorze.schoolpage.pl\/index.php\/wp-json\/wp\/v2\/pages"}],"about":[{"href":"https:\/\/zagorze.schoolpage.pl\/index.php\/wp-json\/wp\/v2\/types\/page"}],"author":[{"embeddable":true,"href":"https:\/\/zagorze.schoolpage.pl\/index.php\/wp-json\/wp\/v2\/users\/1"}],"replies":[{"embeddable":true,"href":"https:\/\/zagorze.schoolpage.pl\/index.php\/wp-json\/wp\/v2\/comments?post=118"}],"version-history":[{"count":2,"href":"https:\/\/zagorze.schoolpage.pl\/index.php\/wp-json\/wp\/v2\/pages\/118\/revisions"}],"predecessor-version":[{"id":8198,"href":"https:\/\/zagorze.schoolpage.pl\/index.php\/wp-json\/wp\/v2\/pages\/118\/revisions\/8198"}],"up":[{"embeddable":true,"href":"https:\/\/zagorze.schoolpage.pl\/index.php\/wp-json\/wp\/v2\/pages\/63"}],"wp:attachment":[{"href":"https:\/\/zagorze.schoolpage.pl\/index.php\/wp-json\/wp\/v2\/media?parent=118"}],"curies":[{"name":"wp","href":"https:\/\/api.w.org\/{rel}","templated":true}]}}