{"id":127,"date":"2019-08-31T13:39:25","date_gmt":"2019-08-31T11:39:25","guid":{"rendered":"https:\/\/zagorze.schoolpage.pl\/?page_id=127"},"modified":"2025-03-13T12:51:07","modified_gmt":"2025-03-13T11:51:07","slug":"oplaty","status":"publish","type":"page","link":"https:\/\/zagorze.schoolpage.pl\/index.php\/oplaty\/","title":{"rendered":"Op\u0142aty"},"content":{"rendered":"\n<p><strong>OP\u0141ATA  ZA PRZEDSZKOLE WYNOSI:<\/strong><\/p>\n\n\n\n<ul class=\"wp-block-list\">\n<li>5 godzin bezp\u0142atnie \u2013przyjmujemy  od 8:00 &#8211; 13:00 <\/li>\n\n\n\n<li>Ka\u017cda godzina ponad podstaw\u0119 programow\u0105 1,44z\u0142<\/li>\n\n\n\n<li>Op\u0142at\u0119 nalicza system dzia\u0142aj\u0105cy w przedszkolu ATMS<\/li>\n\n\n\n<li>Dzieci 6-letnie obj\u0119te rocznym przygotowaniem do szko\u0142y nie p\u0142ac\u0105 za pobyt.<\/li>\n\n\n\n<li>dla drugiego i kolejnych dzieci op\u0142at\u0119 obni\u017ca si\u0119 o  50%<\/li>\n<\/ul>\n\n\n\n<p>Odlicze\u0144 zwi\u0105zanych z chorob\u0105 dziecka dokonuje si\u0119 na podstawie za\u015bwiadczenia lekarskiego lub o\u015bwiadczenia rodzica.<\/p>\n\n\n\n<p>Op\u0142at\u0119 odlicza si\u0119 na podstawie Uchwa\u0142y Rady Gminy Babice Nr XXVIII\/191\/2017 z dnia 9 STYCZNIA 2017r<br> -tekst uchwa\u0142y dost\u0119pny w k\u0105ciku dla rodzic\u00f3w,<br> -na stronie www.babice.pl<br> Dzienna stawka \u017cywieniowa &#8211; 11,00 z\u0142 <br> \u2022 \u015bniadanie + II \u015bniadanie \u2013 2,50 z\u0142<br> \u2022 obiad \u2013 6,00 z\u0142<br> \u2022 podwieczorek \u2013 2,50 z\u0142<\/p>\n\n\n\n<p>Dzieci korzystaj\u0105ce z pomocy OPS maj\u0105 refundowany jeden gor\u0105cy posi\u0142ek &#8211; OBIAD .<br>\nW przypadku nieobecno\u015bci dziecka op\u0142at\u0119 za posi\u0142ki pomniejsza si\u0119 o ka\u017cdy dzie\u0144 nieobecno\u015bci  w nast\u0119pnym miesi\u0105cu.<\/p>\n","protected":false},"excerpt":{"rendered":"<p>OP\u0141ATA ZA PRZEDSZKOLE WYNOSI: Odlicze\u0144 zwi\u0105zanych z chorob\u0105 dziecka dokonuje si\u0119 na podstawie za\u015bwiadczenia lekarskiego lub o\u015bwiadczenia rodzica. Op\u0142at\u0119 odlicza si\u0119 na podstawie Uchwa\u0142y Rady Gminy Babice Nr XXVIII\/191\/2017 z dnia 9 STYCZNIA 2017r -tekst uchwa\u0142y dost\u0119pny w k\u0105ciku dla<\/p>\n","protected":false},"author":1,"featured_media":0,"parent":0,"menu_order":0,"comment_status":"closed","ping_status":"closed","template":"","meta":{"footnotes":""},"class_list":["post-127","page","type-page","status-publish","hentry"],"_links":{"self":[{"href":"https:\/\/zagorze.schoolpage.pl\/index.php\/wp-json\/wp\/v2\/pages\/127","targetHints":{"allow":["GET"]}}],"collection":[{"href":"https:\/\/zagorze.schoolpage.pl\/index.php\/wp-json\/wp\/v2\/pages"}],"about":[{"href":"https:\/\/zagorze.schoolpage.pl\/index.php\/wp-json\/wp\/v2\/types\/page"}],"author":[{"embeddable":true,"href":"https:\/\/zagorze.schoolpage.pl\/index.php\/wp-json\/wp\/v2\/users\/1"}],"replies":[{"embeddable":true,"href":"https:\/\/zagorze.schoolpage.pl\/index.php\/wp-json\/wp\/v2\/comments?post=127"}],"version-history":[{"count":3,"href":"https:\/\/zagorze.schoolpage.pl\/index.php\/wp-json\/wp\/v2\/pages\/127\/revisions"}],"predecessor-version":[{"id":7616,"href":"https:\/\/zagorze.schoolpage.pl\/index.php\/wp-json\/wp\/v2\/pages\/127\/revisions\/7616"}],"wp:attachment":[{"href":"https:\/\/zagorze.schoolpage.pl\/index.php\/wp-json\/wp\/v2\/media?parent=127"}],"curies":[{"name":"wp","href":"https:\/\/api.w.org\/{rel}","templated":true}]}}