{"id":2,"date":"2019-06-29T15:47:53","date_gmt":"2019-06-29T13:47:53","guid":{"rendered":"https:\/\/zagorze.schoolpage.pl\/?page_id=2"},"modified":"2026-02-26T19:14:55","modified_gmt":"2026-02-26T18:14:55","slug":"przykladowa-strona","status":"publish","type":"page","link":"https:\/\/zagorze.schoolpage.pl\/index.php\/przykladowa-strona\/","title":{"rendered":"Kadra"},"content":{"rendered":"\n<p><\/p>\n\n\n\n<p><strong> BEATA RUSEK<\/strong>&#8211;&nbsp;&nbsp; <strong>DYREKTOR PRZEDSZKOLA SAMORZ\u0104DOWEGO W ZAG\u00d3RZU OD 2008 R<\/strong><\/p>\n\n\n\n<p><\/p>\n\n\n\n<div class=\"wp-block-media-text is-stacked-on-mobile\" style=\"grid-template-columns:15% auto\"><figure class=\"wp-block-media-text__media\"><img loading=\"lazy\" decoding=\"async\" width=\"839\" height=\"1024\" src=\"https:\/\/zagorze.schoolpage.pl\/wp-content\/uploads\/2026\/02\/kpLs_7u0-4-839x1024.jpg\" alt=\"\" class=\"wp-image-8165 size-full\" srcset=\"https:\/\/zagorze.schoolpage.pl\/wp-content\/uploads\/2026\/02\/kpLs_7u0-4-839x1024.jpg 839w, https:\/\/zagorze.schoolpage.pl\/wp-content\/uploads\/2026\/02\/kpLs_7u0-4-246x300.jpg 246w, https:\/\/zagorze.schoolpage.pl\/wp-content\/uploads\/2026\/02\/kpLs_7u0-4-768x937.jpg 768w, https:\/\/zagorze.schoolpage.pl\/wp-content\/uploads\/2026\/02\/kpLs_7u0-4-1259x1536.jpg 1259w, https:\/\/zagorze.schoolpage.pl\/wp-content\/uploads\/2026\/02\/kpLs_7u0-4.jpg 1678w\" sizes=\"auto, (max-width: 839px) 100vw, 839px\" \/><\/figure><div class=\"wp-block-media-text__content\">\n<p class=\"has-medium-font-size\">Wychowanie przedszkolne i nauczanie wczesnoszkolne, Zarz\u0105dzanie plac\u00f3wkami o\u015bwiatowymi, Oligofrenopedagogika, Edukacja i terapia dzieci ze spektru autyzmu,  wczesne wspomaganie rozwoju dziecka z integracj\u0105 sensoryczn\u0105, Integracja sensoryczna.<\/p>\n\n\n\n<p><\/p>\n<\/div><\/div>\n\n\n\n<p><strong>NAUCZYCIEL &#8211; SYLWIA BOLEK &#8211; WYGRABEK<\/strong> <\/p>\n\n\n\n<div class=\"wp-block-media-text is-stacked-on-mobile\" style=\"grid-template-columns:15% auto\"><figure class=\"wp-block-media-text__media\"><img loading=\"lazy\" decoding=\"async\" width=\"106\" height=\"158\" src=\"https:\/\/zagorze.schoolpage.pl\/wp-content\/uploads\/2026\/02\/sylwia-1.jpg\" alt=\"\" class=\"wp-image-8162 size-full\"\/><\/figure><div class=\"wp-block-media-text__content\">\n<p class=\"has-medium-font-size\">Wychowanie przedszkolne i nauczanie wczesnoszkolne, diagnoza i terapia pedagogiczna, psycholog dzieci\u0119cy, pedagogika opieku\u0144czo wychowawcza, trener terapii r\u0119ki.<\/p>\n<\/div><\/div>\n\n\n\n<p><\/p>\n\n\n\n<p><strong>NAUCZYCIEL &#8211; MAGDALENA BZDUCHA<\/strong> <\/p>\n\n\n\n<div class=\"wp-block-media-text is-stacked-on-mobile\" style=\"grid-template-columns:15% auto\"><figure class=\"wp-block-media-text__media\"><img loading=\"lazy\" decoding=\"async\" width=\"930\" height=\"1024\" src=\"https:\/\/zagorze.schoolpage.pl\/wp-content\/uploads\/2026\/02\/IMG_37971-930x1024.jpeg\" alt=\"\" class=\"wp-image-8166 size-full\" srcset=\"https:\/\/zagorze.schoolpage.pl\/wp-content\/uploads\/2026\/02\/IMG_37971-930x1024.jpeg 930w, https:\/\/zagorze.schoolpage.pl\/wp-content\/uploads\/2026\/02\/IMG_37971-272x300.jpeg 272w, https:\/\/zagorze.schoolpage.pl\/wp-content\/uploads\/2026\/02\/IMG_37971-768x846.jpeg 768w, https:\/\/zagorze.schoolpage.pl\/wp-content\/uploads\/2026\/02\/IMG_37971-1395x1536.jpeg 1395w, https:\/\/zagorze.schoolpage.pl\/wp-content\/uploads\/2026\/02\/IMG_37971-1860x2048.jpeg 1860w\" sizes=\"auto, (max-width: 930px) 100vw, 930px\" \/><\/figure><div class=\"wp-block-media-text__content\">\n<p class=\"has-medium-font-size\">Pedagogika opieku\u0144czo-wychowawcza i praca socjalna, Pedagogika wczesnoszkolna i wychowanie przedszkolne, Oligofrenopedagogika,<br>Socjoterapia z terapi\u0105 pedagogiczn\u0105 z resocjalizacj\u0105, Wczesne wspomaganie rozwoju z integracj\u0105 sensoryczn\u0105, surdopedagogika<\/p>\n<\/div><\/div>\n\n\n\n<p><\/p>\n\n\n\n<p><strong>NAUCZYCIEL \u2013 OTYLIA CELAREK<\/strong>  <\/p>\n\n\n\n<div class=\"wp-block-media-text is-stacked-on-mobile\" style=\"grid-template-columns:15% auto\"><figure class=\"wp-block-media-text__media\"><img loading=\"lazy\" decoding=\"async\" width=\"683\" height=\"1024\" src=\"https:\/\/zagorze.schoolpage.pl\/wp-content\/uploads\/2026\/02\/b75d86da08d0ffb186d2f0e4029881b6eb91a2fd-2-1-683x1024.jpeg\" alt=\"\" class=\"wp-image-8168 size-full\" srcset=\"https:\/\/zagorze.schoolpage.pl\/wp-content\/uploads\/2026\/02\/b75d86da08d0ffb186d2f0e4029881b6eb91a2fd-2-1-683x1024.jpeg 683w, https:\/\/zagorze.schoolpage.pl\/wp-content\/uploads\/2026\/02\/b75d86da08d0ffb186d2f0e4029881b6eb91a2fd-2-1-200x300.jpeg 200w, https:\/\/zagorze.schoolpage.pl\/wp-content\/uploads\/2026\/02\/b75d86da08d0ffb186d2f0e4029881b6eb91a2fd-2-1-768x1152.jpeg 768w, https:\/\/zagorze.schoolpage.pl\/wp-content\/uploads\/2026\/02\/b75d86da08d0ffb186d2f0e4029881b6eb91a2fd-2-1.jpeg 995w\" sizes=\"auto, (max-width: 683px) 100vw, 683px\" \/><\/figure><div class=\"wp-block-media-text__content\">\n<p class=\"has-medium-font-size\">Wychowanie przedszkolne, edukacja wczesnoszkolna, logopedia, zarz\u0105dzanie plac\u00f3wkami o\u015bwiatowymi<\/p>\n<\/div><\/div>\n\n\n\n<p><\/p>\n\n\n\n<p><strong>NAUCZYCIEL &#8211; NATALIA GAJDA <\/strong> <\/p>\n\n\n\n<div class=\"wp-block-media-text is-stacked-on-mobile\" style=\"grid-template-columns:15% auto\"><figure class=\"wp-block-media-text__media\"><img loading=\"lazy\" decoding=\"async\" width=\"769\" height=\"1024\" src=\"https:\/\/zagorze.schoolpage.pl\/wp-content\/uploads\/2026\/02\/LEfZqRS--769x1024.jpg\" alt=\"\" class=\"wp-image-8169 size-full\" srcset=\"https:\/\/zagorze.schoolpage.pl\/wp-content\/uploads\/2026\/02\/LEfZqRS--769x1024.jpg 769w, https:\/\/zagorze.schoolpage.pl\/wp-content\/uploads\/2026\/02\/LEfZqRS--225x300.jpg 225w, https:\/\/zagorze.schoolpage.pl\/wp-content\/uploads\/2026\/02\/LEfZqRS--768x1023.jpg 768w, https:\/\/zagorze.schoolpage.pl\/wp-content\/uploads\/2026\/02\/LEfZqRS--1154x1536.jpg 1154w, https:\/\/zagorze.schoolpage.pl\/wp-content\/uploads\/2026\/02\/LEfZqRS-.jpg 1538w\" sizes=\"auto, (max-width: 769px) 100vw, 769px\" \/><\/figure><div class=\"wp-block-media-text__content\">\n<p class=\"has-medium-font-size\">Wychowanie przedszkolne, edukacja wczesnoszkolna, terapia integracji sensorycznej, nauczyciel rytmiki<\/p>\n<\/div><\/div>\n\n\n\n<p><\/p>\n\n\n\n<p><strong>NAUCZYCIEL &#8211; &nbsp;AGNIESZKA TABORSKA<\/strong> <\/p>\n\n\n\n<div class=\"wp-block-media-text is-stacked-on-mobile\" style=\"grid-template-columns:15% auto\"><figure class=\"wp-block-media-text__media\"><img loading=\"lazy\" decoding=\"async\" width=\"665\" height=\"1024\" src=\"https:\/\/zagorze.schoolpage.pl\/wp-content\/uploads\/2026\/02\/YRctjByR-665x1024.jpg\" alt=\"\" class=\"wp-image-8170 size-full\" srcset=\"https:\/\/zagorze.schoolpage.pl\/wp-content\/uploads\/2026\/02\/YRctjByR-665x1024.jpg 665w, https:\/\/zagorze.schoolpage.pl\/wp-content\/uploads\/2026\/02\/YRctjByR-195x300.jpg 195w, https:\/\/zagorze.schoolpage.pl\/wp-content\/uploads\/2026\/02\/YRctjByR.jpg 753w\" sizes=\"auto, (max-width: 665px) 100vw, 665px\" \/><\/figure><div class=\"wp-block-media-text__content\">\n<p class=\"has-medium-font-size\">Wychowanie przedszkolne, edukacja wczesnoszkolna, logopedia, zarz\u0105dzanie plac\u00f3wkami o\u015bwiatowymi<\/p>\n<\/div><\/div>\n\n\n\n<p><\/p>\n\n\n\n<p><strong>NAUCZYCIEL \u2013 RENATA WAL\u0118GA<\/strong> <\/p>\n\n\n\n<div class=\"wp-block-media-text is-stacked-on-mobile\" style=\"grid-template-columns:15% auto\"><figure class=\"wp-block-media-text__media\"><img loading=\"lazy\" decoding=\"async\" width=\"373\" height=\"556\" src=\"https:\/\/zagorze.schoolpage.pl\/wp-content\/uploads\/2026\/02\/DSC8183-\u2014-kopia.jpg\" alt=\"\" class=\"wp-image-8171 size-full\" srcset=\"https:\/\/zagorze.schoolpage.pl\/wp-content\/uploads\/2026\/02\/DSC8183-\u2014-kopia.jpg 373w, https:\/\/zagorze.schoolpage.pl\/wp-content\/uploads\/2026\/02\/DSC8183-\u2014-kopia-201x300.jpg 201w\" sizes=\"auto, (max-width: 373px) 100vw, 373px\" \/><\/figure><div class=\"wp-block-media-text__content\">\n<p class=\"has-medium-font-size\">Wychowanie przedszkolne, edukacja wczesnoszkolna, katecheza przedszkolna, wychowanie plastyczne, gimnastyka korekcyjno &#8211; kompensacyjna<\/p>\n<\/div><\/div>\n\n\n\n<p><\/p>\n\n\n\n<p><strong>NAUCZYCIEL \u2013 AGNIESZKA WARSZAWSKA<\/strong> <\/p>\n\n\n\n<div class=\"wp-block-media-text is-stacked-on-mobile\" style=\"grid-template-columns:15% auto\"><figure class=\"wp-block-media-text__media\"><img loading=\"lazy\" decoding=\"async\" width=\"687\" height=\"1024\" src=\"https:\/\/zagorze.schoolpage.pl\/wp-content\/uploads\/2026\/02\/DSC8227-\u2014-kopia-687x1024.jpg\" alt=\"\" class=\"wp-image-8172 size-full\" srcset=\"https:\/\/zagorze.schoolpage.pl\/wp-content\/uploads\/2026\/02\/DSC8227-\u2014-kopia-687x1024.jpg 687w, https:\/\/zagorze.schoolpage.pl\/wp-content\/uploads\/2026\/02\/DSC8227-\u2014-kopia-201x300.jpg 201w, https:\/\/zagorze.schoolpage.pl\/wp-content\/uploads\/2026\/02\/DSC8227-\u2014-kopia-768x1145.jpg 768w, https:\/\/zagorze.schoolpage.pl\/wp-content\/uploads\/2026\/02\/DSC8227-\u2014-kopia-1030x1536.jpg 1030w, https:\/\/zagorze.schoolpage.pl\/wp-content\/uploads\/2026\/02\/DSC8227-\u2014-kopia-1374x2048.jpg 1374w, https:\/\/zagorze.schoolpage.pl\/wp-content\/uploads\/2026\/02\/DSC8227-\u2014-kopia.jpg 1494w\" sizes=\"auto, (max-width: 687px) 100vw, 687px\" \/><\/figure><div class=\"wp-block-media-text__content\">\n<p class=\"has-medium-font-size\">Wychowanie przedszkolne, edukacja wczesnoszkolna,&nbsp;j. angielski&nbsp;, zarz\u0105dzanie plac\u00f3wkami o\u015bwiatowymi&nbsp;&nbsp;<\/p>\n<\/div><\/div>\n\n\n\n<p><\/p>\n\n\n\n<p><strong>NAUCZYCIEL &#8211; AMELIA WOLSKA<\/strong> &nbsp;&nbsp;&nbsp;&nbsp;&nbsp;&nbsp;&nbsp;&nbsp;&nbsp;&nbsp;&nbsp;<\/p>\n\n\n\n<div class=\"wp-block-media-text is-stacked-on-mobile\" style=\"grid-template-columns:15% auto\"><figure class=\"wp-block-media-text__media\"><img loading=\"lazy\" decoding=\"async\" width=\"687\" height=\"1024\" src=\"https:\/\/zagorze.schoolpage.pl\/wp-content\/uploads\/2026\/02\/DSC8262-\u2014-kopia-687x1024.jpg\" alt=\"\" class=\"wp-image-8173 size-full\" srcset=\"https:\/\/zagorze.schoolpage.pl\/wp-content\/uploads\/2026\/02\/DSC8262-\u2014-kopia-687x1024.jpg 687w, https:\/\/zagorze.schoolpage.pl\/wp-content\/uploads\/2026\/02\/DSC8262-\u2014-kopia-201x300.jpg 201w, https:\/\/zagorze.schoolpage.pl\/wp-content\/uploads\/2026\/02\/DSC8262-\u2014-kopia-768x1145.jpg 768w, https:\/\/zagorze.schoolpage.pl\/wp-content\/uploads\/2026\/02\/DSC8262-\u2014-kopia-1031x1536.jpg 1031w, https:\/\/zagorze.schoolpage.pl\/wp-content\/uploads\/2026\/02\/DSC8262-\u2014-kopia-1374x2048.jpg 1374w, https:\/\/zagorze.schoolpage.pl\/wp-content\/uploads\/2026\/02\/DSC8262-\u2014-kopia.jpg 1507w\" sizes=\"auto, (max-width: 687px) 100vw, 687px\" \/><\/figure><div class=\"wp-block-media-text__content\">\n<p class=\"has-medium-font-size\">Wychowanie przedszkolne, edukacja wczesnoszkolna, tyflopedagog&nbsp;&nbsp;, trener TUS&nbsp;&nbsp;<\/p>\n<\/div><\/div>\n\n\n\n<p>&nbsp;&nbsp;&nbsp;&nbsp;&nbsp; <\/p>\n\n\n\n<p><br><\/p>\n\n\n\n<p><\/p>\n","protected":false},"excerpt":{"rendered":"<p>BEATA RUSEK&#8211;&nbsp;&nbsp; DYREKTOR PRZEDSZKOLA SAMORZ\u0104DOWEGO W ZAG\u00d3RZU OD 2008 R Wychowanie przedszkolne i nauczanie wczesnoszkolne, Zarz\u0105dzanie plac\u00f3wkami o\u015bwiatowymi, Oligofrenopedagogika, Edukacja i terapia dzieci ze spektru autyzmu, wczesne wspomaganie rozwoju dziecka z integracj\u0105 sensoryczn\u0105, Integracja sensoryczna. NAUCZYCIEL &#8211; SYLWIA BOLEK &#8211;<\/p>\n","protected":false},"author":1,"featured_media":0,"parent":0,"menu_order":0,"comment_status":"closed","ping_status":"closed","template":"","meta":{"footnotes":""},"class_list":["post-2","page","type-page","status-publish","hentry"],"yoast_head":"<!-- This site is optimized with the Yoast SEO plugin v27.3 - https:\/\/yoast.com\/product\/yoast-seo-wordpress\/ -->\n<title>Kadra - Przedszkole Zag\u00f3rze<\/title>\n<meta name=\"robots\" content=\"index, follow, max-snippet:-1, max-image-preview:large, max-video-preview:-1\" \/>\n<link rel=\"canonical\" href=\"https:\/\/zagorze.schoolpage.pl\/index.php\/przykladowa-strona\/\" \/>\n<meta property=\"og:locale\" content=\"pl_PL\" \/>\n<meta property=\"og:type\" content=\"article\" \/>\n<meta property=\"og:title\" content=\"Kadra - Przedszkole Zag\u00f3rze\" \/>\n<meta property=\"og:description\" content=\"BEATA RUSEK&#8211;&nbsp;&nbsp; DYREKTOR PRZEDSZKOLA SAMORZ\u0104DOWEGO W ZAG\u00d3RZU OD 2008 R Wychowanie przedszkolne i nauczanie wczesnoszkolne, Zarz\u0105dzanie plac\u00f3wkami o\u015bwiatowymi, Oligofrenopedagogika, Edukacja i terapia dzieci ze spektru autyzmu, wczesne wspomaganie rozwoju dziecka z integracj\u0105 sensoryczn\u0105, Integracja sensoryczna. NAUCZYCIEL &#8211; SYLWIA BOLEK &#8211;\" \/>\n<meta property=\"og:url\" content=\"https:\/\/zagorze.schoolpage.pl\/index.php\/przykladowa-strona\/\" \/>\n<meta property=\"og:site_name\" content=\"Przedszkole Zag\u00f3rze\" \/>\n<meta property=\"article:modified_time\" content=\"2026-02-26T18:14:55+00:00\" \/>\n<meta property=\"og:image\" content=\"https:\/\/zagorze.schoolpage.pl\/wp-content\/uploads\/2026\/02\/kpLs_7u0-4.jpg\" \/>\n\t<meta property=\"og:image:width\" content=\"1678\" \/>\n\t<meta property=\"og:image:height\" content=\"2048\" \/>\n\t<meta property=\"og:image:type\" content=\"image\/jpeg\" \/>\n<meta name=\"twitter:card\" content=\"summary_large_image\" \/>\n<meta name=\"twitter:label1\" content=\"Szacowany czas czytania\" \/>\n\t<meta name=\"twitter:data1\" content=\"1 minuta\" \/>\n<script type=\"application\/ld+json\" class=\"yoast-schema-graph\">{\"@context\":\"https:\\\/\\\/schema.org\",\"@graph\":[{\"@type\":\"WebPage\",\"@id\":\"https:\\\/\\\/zagorze.schoolpage.pl\\\/index.php\\\/przykladowa-strona\\\/\",\"url\":\"https:\\\/\\\/zagorze.schoolpage.pl\\\/index.php\\\/przykladowa-strona\\\/\",\"name\":\"Kadra - Przedszkole Zag\u00f3rze\",\"isPartOf\":{\"@id\":\"https:\\\/\\\/zagorze.schoolpage.pl\\\/#website\"},\"primaryImageOfPage\":{\"@id\":\"https:\\\/\\\/zagorze.schoolpage.pl\\\/index.php\\\/przykladowa-strona\\\/#primaryimage\"},\"image\":{\"@id\":\"https:\\\/\\\/zagorze.schoolpage.pl\\\/index.php\\\/przykladowa-strona\\\/#primaryimage\"},\"thumbnailUrl\":\"https:\\\/\\\/zagorze.schoolpage.pl\\\/wp-content\\\/uploads\\\/2026\\\/02\\\/kpLs_7u0-4-839x1024.jpg\",\"datePublished\":\"2019-06-29T13:47:53+00:00\",\"dateModified\":\"2026-02-26T18:14:55+00:00\",\"breadcrumb\":{\"@id\":\"https:\\\/\\\/zagorze.schoolpage.pl\\\/index.php\\\/przykladowa-strona\\\/#breadcrumb\"},\"inLanguage\":\"pl-PL\",\"potentialAction\":[{\"@type\":\"ReadAction\",\"target\":[\"https:\\\/\\\/zagorze.schoolpage.pl\\\/index.php\\\/przykladowa-strona\\\/\"]}]},{\"@type\":\"ImageObject\",\"inLanguage\":\"pl-PL\",\"@id\":\"https:\\\/\\\/zagorze.schoolpage.pl\\\/index.php\\\/przykladowa-strona\\\/#primaryimage\",\"url\":\"https:\\\/\\\/zagorze.schoolpage.pl\\\/wp-content\\\/uploads\\\/2026\\\/02\\\/kpLs_7u0-4.jpg\",\"contentUrl\":\"https:\\\/\\\/zagorze.schoolpage.pl\\\/wp-content\\\/uploads\\\/2026\\\/02\\\/kpLs_7u0-4.jpg\",\"width\":1678,\"height\":2048},{\"@type\":\"BreadcrumbList\",\"@id\":\"https:\\\/\\\/zagorze.schoolpage.pl\\\/index.php\\\/przykladowa-strona\\\/#breadcrumb\",\"itemListElement\":[{\"@type\":\"ListItem\",\"position\":1,\"name\":\"Strona g\u0142\u00f3wna\",\"item\":\"https:\\\/\\\/zagorze.schoolpage.pl\\\/\"},{\"@type\":\"ListItem\",\"position\":2,\"name\":\"Kadra\"}]},{\"@type\":\"WebSite\",\"@id\":\"https:\\\/\\\/zagorze.schoolpage.pl\\\/#website\",\"url\":\"https:\\\/\\\/zagorze.schoolpage.pl\\\/\",\"name\":\"Przedszkole Zag\u00f3rze\",\"description\":\"ul. \u017belatowa 8, 32-555 Zag\u00f3rze\",\"potentialAction\":[{\"@type\":\"SearchAction\",\"target\":{\"@type\":\"EntryPoint\",\"urlTemplate\":\"https:\\\/\\\/zagorze.schoolpage.pl\\\/?s={search_term_string}\"},\"query-input\":{\"@type\":\"PropertyValueSpecification\",\"valueRequired\":true,\"valueName\":\"search_term_string\"}}],\"inLanguage\":\"pl-PL\"}]}<\/script>\n<!-- \/ Yoast SEO plugin. -->","yoast_head_json":{"title":"Kadra - Przedszkole Zag\u00f3rze","robots":{"index":"index","follow":"follow","max-snippet":"max-snippet:-1","max-image-preview":"max-image-preview:large","max-video-preview":"max-video-preview:-1"},"canonical":"https:\/\/zagorze.schoolpage.pl\/index.php\/przykladowa-strona\/","og_locale":"pl_PL","og_type":"article","og_title":"Kadra - Przedszkole Zag\u00f3rze","og_description":"BEATA RUSEK&#8211;&nbsp;&nbsp; DYREKTOR PRZEDSZKOLA SAMORZ\u0104DOWEGO W ZAG\u00d3RZU OD 2008 R Wychowanie przedszkolne i nauczanie wczesnoszkolne, Zarz\u0105dzanie plac\u00f3wkami o\u015bwiatowymi, Oligofrenopedagogika, Edukacja i terapia dzieci ze spektru autyzmu, wczesne wspomaganie rozwoju dziecka z integracj\u0105 sensoryczn\u0105, Integracja sensoryczna. NAUCZYCIEL &#8211; SYLWIA BOLEK &#8211;","og_url":"https:\/\/zagorze.schoolpage.pl\/index.php\/przykladowa-strona\/","og_site_name":"Przedszkole Zag\u00f3rze","article_modified_time":"2026-02-26T18:14:55+00:00","og_image":[{"width":1678,"height":2048,"url":"https:\/\/zagorze.schoolpage.pl\/wp-content\/uploads\/2026\/02\/kpLs_7u0-4.jpg","type":"image\/jpeg"}],"twitter_card":"summary_large_image","twitter_misc":{"Szacowany czas czytania":"1 minuta"},"schema":{"@context":"https:\/\/schema.org","@graph":[{"@type":"WebPage","@id":"https:\/\/zagorze.schoolpage.pl\/index.php\/przykladowa-strona\/","url":"https:\/\/zagorze.schoolpage.pl\/index.php\/przykladowa-strona\/","name":"Kadra - Przedszkole Zag\u00f3rze","isPartOf":{"@id":"https:\/\/zagorze.schoolpage.pl\/#website"},"primaryImageOfPage":{"@id":"https:\/\/zagorze.schoolpage.pl\/index.php\/przykladowa-strona\/#primaryimage"},"image":{"@id":"https:\/\/zagorze.schoolpage.pl\/index.php\/przykladowa-strona\/#primaryimage"},"thumbnailUrl":"https:\/\/zagorze.schoolpage.pl\/wp-content\/uploads\/2026\/02\/kpLs_7u0-4-839x1024.jpg","datePublished":"2019-06-29T13:47:53+00:00","dateModified":"2026-02-26T18:14:55+00:00","breadcrumb":{"@id":"https:\/\/zagorze.schoolpage.pl\/index.php\/przykladowa-strona\/#breadcrumb"},"inLanguage":"pl-PL","potentialAction":[{"@type":"ReadAction","target":["https:\/\/zagorze.schoolpage.pl\/index.php\/przykladowa-strona\/"]}]},{"@type":"ImageObject","inLanguage":"pl-PL","@id":"https:\/\/zagorze.schoolpage.pl\/index.php\/przykladowa-strona\/#primaryimage","url":"https:\/\/zagorze.schoolpage.pl\/wp-content\/uploads\/2026\/02\/kpLs_7u0-4.jpg","contentUrl":"https:\/\/zagorze.schoolpage.pl\/wp-content\/uploads\/2026\/02\/kpLs_7u0-4.jpg","width":1678,"height":2048},{"@type":"BreadcrumbList","@id":"https:\/\/zagorze.schoolpage.pl\/index.php\/przykladowa-strona\/#breadcrumb","itemListElement":[{"@type":"ListItem","position":1,"name":"Strona g\u0142\u00f3wna","item":"https:\/\/zagorze.schoolpage.pl\/"},{"@type":"ListItem","position":2,"name":"Kadra"}]},{"@type":"WebSite","@id":"https:\/\/zagorze.schoolpage.pl\/#website","url":"https:\/\/zagorze.schoolpage.pl\/","name":"Przedszkole Zag\u00f3rze","description":"ul. \u017belatowa 8, 32-555 Zag\u00f3rze","potentialAction":[{"@type":"SearchAction","target":{"@type":"EntryPoint","urlTemplate":"https:\/\/zagorze.schoolpage.pl\/?s={search_term_string}"},"query-input":{"@type":"PropertyValueSpecification","valueRequired":true,"valueName":"search_term_string"}}],"inLanguage":"pl-PL"}]}},"_links":{"self":[{"href":"https:\/\/zagorze.schoolpage.pl\/index.php\/wp-json\/wp\/v2\/pages\/2","targetHints":{"allow":["GET"]}}],"collection":[{"href":"https:\/\/zagorze.schoolpage.pl\/index.php\/wp-json\/wp\/v2\/pages"}],"about":[{"href":"https:\/\/zagorze.schoolpage.pl\/index.php\/wp-json\/wp\/v2\/types\/page"}],"author":[{"embeddable":true,"href":"https:\/\/zagorze.schoolpage.pl\/index.php\/wp-json\/wp\/v2\/users\/1"}],"replies":[{"embeddable":true,"href":"https:\/\/zagorze.schoolpage.pl\/index.php\/wp-json\/wp\/v2\/comments?post=2"}],"version-history":[{"count":29,"href":"https:\/\/zagorze.schoolpage.pl\/index.php\/wp-json\/wp\/v2\/pages\/2\/revisions"}],"predecessor-version":[{"id":8180,"href":"https:\/\/zagorze.schoolpage.pl\/index.php\/wp-json\/wp\/v2\/pages\/2\/revisions\/8180"}],"wp:attachment":[{"href":"https:\/\/zagorze.schoolpage.pl\/index.php\/wp-json\/wp\/v2\/media?parent=2"}],"curies":[{"name":"wp","href":"https:\/\/api.w.org\/{rel}","templated":true}]}}