{"id":2329,"date":"2020-09-23T16:53:03","date_gmt":"2020-09-23T14:53:03","guid":{"rendered":"https:\/\/zagorze.schoolpage.pl\/?page_id=2329"},"modified":"2026-02-27T06:26:16","modified_gmt":"2026-02-27T05:26:16","slug":"wydarzenia-2","status":"publish","type":"page","link":"https:\/\/zagorze.schoolpage.pl\/index.php\/wydarzenia-2\/","title":{"rendered":"Wydarzenia"},"content":{"rendered":"\n<p class=\"has-text-align-center\"><strong>SERDECZNIE ZAPRASZAMY DO UDZIA\u0141U!!<\/strong><\/p>\n\n\n\n<div class=\"wp-block-file\"><a id=\"wp-block-file--media-fe065735-7ef0-4fb3-8198-af8075eb2e7f\" href=\"https:\/\/zagorze.schoolpage.pl\/wp-content\/uploads\/2026\/02\/Regulamin-konkursu-20261.docx\">Regulamin konkursu 2026<\/a><a href=\"https:\/\/zagorze.schoolpage.pl\/wp-content\/uploads\/2026\/02\/Regulamin-konkursu-20261.docx\" class=\"wp-block-file__button wp-element-button\" download aria-describedby=\"wp-block-file--media-fe065735-7ef0-4fb3-8198-af8075eb2e7f\">Pobierz<\/a><\/div>\n\n\n\n<div class=\"wp-block-file\"><a id=\"wp-block-file--media-0cfaf9e9-e147-4581-8d0e-b2f4bd5ef74f\" href=\"https:\/\/zagorze.schoolpage.pl\/wp-content\/uploads\/2026\/02\/Zgoda-na-przetwarzanie-danych-osobowych.docx\">Zgoda na przetwarzanie danych osobowych<\/a><a href=\"https:\/\/zagorze.schoolpage.pl\/wp-content\/uploads\/2026\/02\/Zgoda-na-przetwarzanie-danych-osobowych.docx\" class=\"wp-block-file__button wp-element-button\" download aria-describedby=\"wp-block-file--media-0cfaf9e9-e147-4581-8d0e-b2f4bd5ef74f\">Pobierz<\/a><\/div>\n\n\n\n<figure class=\"wp-block-gallery has-nested-images columns-default is-cropped wp-block-gallery-1 is-layout-flex wp-block-gallery-is-layout-flex\">\n<figure class=\"wp-block-image size-large\"><img loading=\"lazy\" decoding=\"async\" width=\"724\" height=\"1024\" data-id=\"8181\" src=\"https:\/\/zagorze.schoolpage.pl\/wp-content\/uploads\/2026\/02\/KONKURS-PLASTYCZNO-TECHNICZNY-POSTAC-Z-BAJKI-724x1024.jpg\" alt=\"\" class=\"wp-image-8181\" srcset=\"https:\/\/zagorze.schoolpage.pl\/wp-content\/uploads\/2026\/02\/KONKURS-PLASTYCZNO-TECHNICZNY-POSTAC-Z-BAJKI-724x1024.jpg 724w, https:\/\/zagorze.schoolpage.pl\/wp-content\/uploads\/2026\/02\/KONKURS-PLASTYCZNO-TECHNICZNY-POSTAC-Z-BAJKI-212x300.jpg 212w, https:\/\/zagorze.schoolpage.pl\/wp-content\/uploads\/2026\/02\/KONKURS-PLASTYCZNO-TECHNICZNY-POSTAC-Z-BAJKI-768x1086.jpg 768w, https:\/\/zagorze.schoolpage.pl\/wp-content\/uploads\/2026\/02\/KONKURS-PLASTYCZNO-TECHNICZNY-POSTAC-Z-BAJKI-1086x1536.jpg 1086w, https:\/\/zagorze.schoolpage.pl\/wp-content\/uploads\/2026\/02\/KONKURS-PLASTYCZNO-TECHNICZNY-POSTAC-Z-BAJKI-1448x2048.jpg 1448w, https:\/\/zagorze.schoolpage.pl\/wp-content\/uploads\/2026\/02\/KONKURS-PLASTYCZNO-TECHNICZNY-POSTAC-Z-BAJKI.jpg 1587w\" sizes=\"auto, (max-width: 724px) 100vw, 724px\" \/><\/figure>\n<\/figure>\n\n\n\n<figure class=\"wp-block-gallery has-nested-images columns-default is-cropped wp-block-gallery-2 is-layout-flex wp-block-gallery-is-layout-flex\"><\/figure>\n\n\n\n<p><\/p>\n\n\n\n\n\n<figure class=\"wp-block-gallery has-nested-images columns-default is-cropped wp-block-gallery-3 is-layout-flex wp-block-gallery-is-layout-flex\"><\/figure>\n\n\n\n<p class=\"has-text-align-center has-black-color has-light-green-cyan-background-color has-text-color has-background\"><\/p>\n\n\n\n<figure class=\"wp-block-gallery has-nested-images columns-default is-cropped wp-block-gallery-4 is-layout-flex wp-block-gallery-is-layout-flex\"><\/figure>\n\n\n\n<figure class=\"wp-block-gallery has-nested-images columns-default is-cropped wp-block-gallery-5 is-layout-flex wp-block-gallery-is-layout-flex\"><\/figure>\n\n\n\n<p><\/p>\n\n\n\n<figure class=\"wp-block-gallery has-nested-images columns-default is-cropped wp-block-gallery-6 is-layout-flex wp-block-gallery-is-layout-flex\"><\/figure>\n\n\n\n<p><\/p>\n\n\n\n<p class=\"has-text-align-center\"><\/p>\n\n\n\n<figure class=\"wp-block-gallery has-nested-images columns-default is-cropped wp-block-gallery-7 is-layout-flex wp-block-gallery-is-layout-flex\"><\/figure>\n\n\n\n<p>ZAPRASZAMY<\/p>\n\n\n\n<figure class=\"wp-block-gallery has-nested-images columns-default is-cropped wp-block-gallery-8 is-layout-flex wp-block-gallery-is-layout-flex\"><\/figure>\n\n\n\n<p><\/p>\n\n\n\n<figure class=\"wp-block-gallery has-nested-images columns-default is-cropped wp-block-gallery-9 is-layout-flex wp-block-gallery-is-layout-flex\"><\/figure>\n\n\n\n<figure class=\"wp-block-gallery has-nested-images columns-default is-cropped wp-block-gallery-10 is-layout-flex wp-block-gallery-is-layout-flex\"><\/figure>\n\n\n\n<figure class=\"wp-block-gallery has-nested-images columns-default is-cropped wp-block-gallery-11 is-layout-flex wp-block-gallery-is-layout-flex\"><\/figure>\n\n\n\n<figure class=\"wp-block-gallery has-nested-images columns-default is-cropped wp-block-gallery-12 is-layout-flex wp-block-gallery-is-layout-flex\"><\/figure>\n\n\n\n\n\n\n\n\n\n\n\n<p><\/p>\n\n\n\n<figure class=\"wp-block-gallery has-nested-images columns-default is-cropped wp-block-gallery-13 is-layout-flex wp-block-gallery-is-layout-flex\"><\/figure>\n\n\n\n<p><\/p>\n\n\n\n<figure class=\"wp-block-gallery has-nested-images columns-default is-cropped wp-block-gallery-14 is-layout-flex wp-block-gallery-is-layout-flex\"><\/figure>\n\n\n\n<p><\/p>\n\n\n\n<figure class=\"wp-block-gallery has-nested-images columns-default is-cropped wp-block-gallery-15 is-layout-flex wp-block-gallery-is-layout-flex\"><\/figure>\n\n\n\n<p><\/p>\n\n\n\n<p><\/p>\n\n\n\n<p class=\"has-text-align-center has-vivid-purple-color has-text-color has-large-font-size\"><\/p>\n\n\n\n<p class=\"has-text-align-center has-vivid-purple-color has-text-color has-medium-font-size\"><\/p>\n\n\n\n<p><\/p>\n\n\n\n<p><\/p>\n\n\n\n<p class=\"has-text-align-center has-vivid-red-color has-text-color has-large-font-size\"><\/p>\n\n\n\n<p class=\"has-text-align-center has-medium-font-size\"><\/p>\n\n\n\n<p><\/p>\n\n\n\n<p><\/p>\n\n\n\n<figure class=\"wp-block-gallery has-nested-images columns-default is-cropped wp-block-gallery-16 is-layout-flex wp-block-gallery-is-layout-flex\"><\/figure>\n\n\n\n<figure class=\"wp-block-gallery has-nested-images columns-default is-cropped wp-block-gallery-17 is-layout-flex wp-block-gallery-is-layout-flex\"><\/figure>\n\n\n\n<p class=\"has-white-background-color has-background\"><\/p>\n\n\n\n<p class=\"has-text-align-right\"><\/p>\n\n\n\n<p class=\"has-text-align-right\"><\/p>\n\n\n\n<p class=\"has-text-align-right\"><\/p>\n\n\n\n<p class=\"has-medium-font-size\"><\/p>\n\n\n\n<figure class=\"wp-block-gallery has-nested-images columns-default is-cropped wp-block-gallery-18 is-layout-flex wp-block-gallery-is-layout-flex\"><\/figure>\n\n\n\n<p><\/p>\n\n\n\n<p><\/p>\n\n\n\n<p><\/p>\n\n\n\n<p class=\"has-text-align-center has-vivid-red-color has-text-color has-large-font-size\"><\/p>\n\n\n\n<p class=\"has-text-align-center has-vivid-red-color has-text-color has-large-font-size\"><\/p>\n\n\n\n<p class=\"has-text-align-center has-vivid-red-color has-text-color has-large-font-size\"><\/p>\n\n\n\n<p><\/p>\n\n\n\n<p><\/p>\n\n\n\n<p><\/p>\n\n\n\n<p><\/p>\n\n\n\n<p><\/p>\n\n\n\n<p><\/p>\n\n\n\n<p><\/p>\n","protected":false},"excerpt":{"rendered":"<p>SERDECZNIE ZAPRASZAMY DO UDZIA\u0141U!! ZAPRASZAMY<\/p>\n","protected":false},"author":1,"featured_media":0,"parent":0,"menu_order":0,"comment_status":"closed","ping_status":"closed","template":"","meta":{"footnotes":""},"class_list":["post-2329","page","type-page","status-publish","hentry"],"yoast_head":"<!-- This site is optimized with the Yoast SEO plugin v27.4 - https:\/\/yoast.com\/product\/yoast-seo-wordpress\/ -->\n<title>Wydarzenia - Przedszkole Zag\u00f3rze<\/title>\n<meta name=\"robots\" content=\"index, follow, max-snippet:-1, max-image-preview:large, max-video-preview:-1\" \/>\n<link rel=\"canonical\" href=\"https:\/\/zagorze.schoolpage.pl\/index.php\/wydarzenia-2\/\" \/>\n<meta property=\"og:locale\" content=\"pl_PL\" \/>\n<meta property=\"og:type\" content=\"article\" \/>\n<meta property=\"og:title\" content=\"Wydarzenia - Przedszkole Zag\u00f3rze\" \/>\n<meta property=\"og:description\" content=\"SERDECZNIE ZAPRASZAMY DO UDZIA\u0141U!! ZAPRASZAMY\" \/>\n<meta property=\"og:url\" content=\"https:\/\/zagorze.schoolpage.pl\/index.php\/wydarzenia-2\/\" \/>\n<meta property=\"og:site_name\" content=\"Przedszkole Zag\u00f3rze\" \/>\n<meta property=\"article:modified_time\" content=\"2026-02-27T05:26:16+00:00\" \/>\n<meta property=\"og:image\" content=\"https:\/\/zagorze.schoolpage.pl\/wp-content\/uploads\/2026\/02\/KONKURS-PLASTYCZNO-TECHNICZNY-POSTAC-Z-BAJKI.jpg\" \/>\n\t<meta property=\"og:image:width\" content=\"1587\" \/>\n\t<meta property=\"og:image:height\" content=\"2245\" \/>\n\t<meta property=\"og:image:type\" content=\"image\/jpeg\" \/>\n<meta name=\"twitter:card\" content=\"summary_large_image\" \/>\n<meta name=\"twitter:label1\" content=\"Szacowany czas czytania\" \/>\n\t<meta name=\"twitter:data1\" content=\"4 minuty\" \/>\n<script type=\"application\/ld+json\" class=\"yoast-schema-graph\">{\"@context\":\"https:\\\/\\\/schema.org\",\"@graph\":[{\"@type\":\"WebPage\",\"@id\":\"https:\\\/\\\/zagorze.schoolpage.pl\\\/index.php\\\/wydarzenia-2\\\/\",\"url\":\"https:\\\/\\\/zagorze.schoolpage.pl\\\/index.php\\\/wydarzenia-2\\\/\",\"name\":\"Wydarzenia - Przedszkole Zag\u00f3rze\",\"isPartOf\":{\"@id\":\"https:\\\/\\\/zagorze.schoolpage.pl\\\/#website\"},\"primaryImageOfPage\":{\"@id\":\"https:\\\/\\\/zagorze.schoolpage.pl\\\/index.php\\\/wydarzenia-2\\\/#primaryimage\"},\"image\":{\"@id\":\"https:\\\/\\\/zagorze.schoolpage.pl\\\/index.php\\\/wydarzenia-2\\\/#primaryimage\"},\"thumbnailUrl\":\"https:\\\/\\\/zagorze.schoolpage.pl\\\/wp-content\\\/uploads\\\/2026\\\/02\\\/KONKURS-PLASTYCZNO-TECHNICZNY-POSTAC-Z-BAJKI-724x1024.jpg\",\"datePublished\":\"2020-09-23T14:53:03+00:00\",\"dateModified\":\"2026-02-27T05:26:16+00:00\",\"breadcrumb\":{\"@id\":\"https:\\\/\\\/zagorze.schoolpage.pl\\\/index.php\\\/wydarzenia-2\\\/#breadcrumb\"},\"inLanguage\":\"pl-PL\",\"potentialAction\":[{\"@type\":\"ReadAction\",\"target\":[\"https:\\\/\\\/zagorze.schoolpage.pl\\\/index.php\\\/wydarzenia-2\\\/\"]}]},{\"@type\":\"ImageObject\",\"inLanguage\":\"pl-PL\",\"@id\":\"https:\\\/\\\/zagorze.schoolpage.pl\\\/index.php\\\/wydarzenia-2\\\/#primaryimage\",\"url\":\"https:\\\/\\\/zagorze.schoolpage.pl\\\/wp-content\\\/uploads\\\/2026\\\/02\\\/KONKURS-PLASTYCZNO-TECHNICZNY-POSTAC-Z-BAJKI.jpg\",\"contentUrl\":\"https:\\\/\\\/zagorze.schoolpage.pl\\\/wp-content\\\/uploads\\\/2026\\\/02\\\/KONKURS-PLASTYCZNO-TECHNICZNY-POSTAC-Z-BAJKI.jpg\",\"width\":1587,\"height\":2245},{\"@type\":\"BreadcrumbList\",\"@id\":\"https:\\\/\\\/zagorze.schoolpage.pl\\\/index.php\\\/wydarzenia-2\\\/#breadcrumb\",\"itemListElement\":[{\"@type\":\"ListItem\",\"position\":1,\"name\":\"Strona g\u0142\u00f3wna\",\"item\":\"https:\\\/\\\/zagorze.schoolpage.pl\\\/\"},{\"@type\":\"ListItem\",\"position\":2,\"name\":\"Wydarzenia\"}]},{\"@type\":\"WebSite\",\"@id\":\"https:\\\/\\\/zagorze.schoolpage.pl\\\/#website\",\"url\":\"https:\\\/\\\/zagorze.schoolpage.pl\\\/\",\"name\":\"Przedszkole Zag\u00f3rze\",\"description\":\"ul. \u017belatowa 8, 32-555 Zag\u00f3rze\",\"potentialAction\":[{\"@type\":\"SearchAction\",\"target\":{\"@type\":\"EntryPoint\",\"urlTemplate\":\"https:\\\/\\\/zagorze.schoolpage.pl\\\/?s={search_term_string}\"},\"query-input\":{\"@type\":\"PropertyValueSpecification\",\"valueRequired\":true,\"valueName\":\"search_term_string\"}}],\"inLanguage\":\"pl-PL\"}]}<\/script>\n<!-- \/ Yoast SEO plugin. -->","yoast_head_json":{"title":"Wydarzenia - Przedszkole Zag\u00f3rze","robots":{"index":"index","follow":"follow","max-snippet":"max-snippet:-1","max-image-preview":"max-image-preview:large","max-video-preview":"max-video-preview:-1"},"canonical":"https:\/\/zagorze.schoolpage.pl\/index.php\/wydarzenia-2\/","og_locale":"pl_PL","og_type":"article","og_title":"Wydarzenia - Przedszkole Zag\u00f3rze","og_description":"SERDECZNIE ZAPRASZAMY DO UDZIA\u0141U!! ZAPRASZAMY","og_url":"https:\/\/zagorze.schoolpage.pl\/index.php\/wydarzenia-2\/","og_site_name":"Przedszkole Zag\u00f3rze","article_modified_time":"2026-02-27T05:26:16+00:00","og_image":[{"width":1587,"height":2245,"url":"https:\/\/zagorze.schoolpage.pl\/wp-content\/uploads\/2026\/02\/KONKURS-PLASTYCZNO-TECHNICZNY-POSTAC-Z-BAJKI.jpg","type":"image\/jpeg"}],"twitter_card":"summary_large_image","twitter_misc":{"Szacowany czas czytania":"4 minuty"},"schema":{"@context":"https:\/\/schema.org","@graph":[{"@type":"WebPage","@id":"https:\/\/zagorze.schoolpage.pl\/index.php\/wydarzenia-2\/","url":"https:\/\/zagorze.schoolpage.pl\/index.php\/wydarzenia-2\/","name":"Wydarzenia - Przedszkole Zag\u00f3rze","isPartOf":{"@id":"https:\/\/zagorze.schoolpage.pl\/#website"},"primaryImageOfPage":{"@id":"https:\/\/zagorze.schoolpage.pl\/index.php\/wydarzenia-2\/#primaryimage"},"image":{"@id":"https:\/\/zagorze.schoolpage.pl\/index.php\/wydarzenia-2\/#primaryimage"},"thumbnailUrl":"https:\/\/zagorze.schoolpage.pl\/wp-content\/uploads\/2026\/02\/KONKURS-PLASTYCZNO-TECHNICZNY-POSTAC-Z-BAJKI-724x1024.jpg","datePublished":"2020-09-23T14:53:03+00:00","dateModified":"2026-02-27T05:26:16+00:00","breadcrumb":{"@id":"https:\/\/zagorze.schoolpage.pl\/index.php\/wydarzenia-2\/#breadcrumb"},"inLanguage":"pl-PL","potentialAction":[{"@type":"ReadAction","target":["https:\/\/zagorze.schoolpage.pl\/index.php\/wydarzenia-2\/"]}]},{"@type":"ImageObject","inLanguage":"pl-PL","@id":"https:\/\/zagorze.schoolpage.pl\/index.php\/wydarzenia-2\/#primaryimage","url":"https:\/\/zagorze.schoolpage.pl\/wp-content\/uploads\/2026\/02\/KONKURS-PLASTYCZNO-TECHNICZNY-POSTAC-Z-BAJKI.jpg","contentUrl":"https:\/\/zagorze.schoolpage.pl\/wp-content\/uploads\/2026\/02\/KONKURS-PLASTYCZNO-TECHNICZNY-POSTAC-Z-BAJKI.jpg","width":1587,"height":2245},{"@type":"BreadcrumbList","@id":"https:\/\/zagorze.schoolpage.pl\/index.php\/wydarzenia-2\/#breadcrumb","itemListElement":[{"@type":"ListItem","position":1,"name":"Strona g\u0142\u00f3wna","item":"https:\/\/zagorze.schoolpage.pl\/"},{"@type":"ListItem","position":2,"name":"Wydarzenia"}]},{"@type":"WebSite","@id":"https:\/\/zagorze.schoolpage.pl\/#website","url":"https:\/\/zagorze.schoolpage.pl\/","name":"Przedszkole Zag\u00f3rze","description":"ul. \u017belatowa 8, 32-555 Zag\u00f3rze","potentialAction":[{"@type":"SearchAction","target":{"@type":"EntryPoint","urlTemplate":"https:\/\/zagorze.schoolpage.pl\/?s={search_term_string}"},"query-input":{"@type":"PropertyValueSpecification","valueRequired":true,"valueName":"search_term_string"}}],"inLanguage":"pl-PL"}]}},"_links":{"self":[{"href":"https:\/\/zagorze.schoolpage.pl\/index.php\/wp-json\/wp\/v2\/pages\/2329","targetHints":{"allow":["GET"]}}],"collection":[{"href":"https:\/\/zagorze.schoolpage.pl\/index.php\/wp-json\/wp\/v2\/pages"}],"about":[{"href":"https:\/\/zagorze.schoolpage.pl\/index.php\/wp-json\/wp\/v2\/types\/page"}],"author":[{"embeddable":true,"href":"https:\/\/zagorze.schoolpage.pl\/index.php\/wp-json\/wp\/v2\/users\/1"}],"replies":[{"embeddable":true,"href":"https:\/\/zagorze.schoolpage.pl\/index.php\/wp-json\/wp\/v2\/comments?post=2329"}],"version-history":[{"count":80,"href":"https:\/\/zagorze.schoolpage.pl\/index.php\/wp-json\/wp\/v2\/pages\/2329\/revisions"}],"predecessor-version":[{"id":8185,"href":"https:\/\/zagorze.schoolpage.pl\/index.php\/wp-json\/wp\/v2\/pages\/2329\/revisions\/8185"}],"wp:attachment":[{"href":"https:\/\/zagorze.schoolpage.pl\/index.php\/wp-json\/wp\/v2\/media?parent=2329"}],"curies":[{"name":"wp","href":"https:\/\/api.w.org\/{rel}","templated":true}]}}