{"id":2493,"date":"2020-10-16T01:10:42","date_gmt":"2020-10-15T23:10:42","guid":{"rendered":"https:\/\/zagorze.schoolpage.pl\/?page_id=2493"},"modified":"2020-10-16T08:58:38","modified_gmt":"2020-10-16T06:58:38","slug":"klauzula-informacyjna","status":"publish","type":"page","link":"https:\/\/zagorze.schoolpage.pl\/index.php\/klauzula-informacyjna\/","title":{"rendered":"Klauzula informacyjna"},"content":{"rendered":"\n<p><strong>Dzia\u0142aj\u0105c w oparciu o art. 13 ust. 1 i 2 Rozporz\u0105dzenia Parlamentu Europejskiego i Rady (UE) 2016\/679 z dnia 27 kwietnia 2016 r. w sprawie ochrony os\u00f3b fizycznych w zwi\u0105zku z przetwarzaniem danych osobowych i w sprawie swobodnego przep\u0142ywu takich danych oraz uchylenia dyrektywy 95\/46\/WE (og\u00f3lne rozporz\u0105dzenie o ochronie danych) (Dz. U. UE. L. z 2016 r. Nr 119, str. 1 z p\u00f3\u017an. zm.), zwanego dalej \u201eRODO\u201d, niniejszym informuj\u0119, i\u017c:<\/strong><\/p>\n\n\n\n<p><strong>1)&nbsp;<\/strong>Administratorem Pani\/Pana danych osobowych jest Przedszkole Samorz\u0105dowe w Zag\u00f3rzu, ul. \u017belatowa 8 32-555 Zag\u00f3rze NIP: 6282267905 REGON: 276259020 adres e-mail: pszagorze@babice.pl reprezentowane przez Beat\u0119 Rusek dyrektora.<\/p>\n\n\n\n<p><strong>2)\u00a0<\/strong>Administrator powo\u0142a\u0142 Inspektora Ochrony Danych Osobowych Mart\u0119 Musia\u0142, z kt\u00f3rym kontakt mo\u017cna uzyska\u0107 za po\u015brednictwem poczty elektronicznej pod adresem: ochronadanychpszagorze@babice.pl<\/p>\n\n\n\n<p><strong>3)&nbsp;<\/strong>Pana\/Pani dane osobowe b\u0119d\u0105 wykorzystywane w celu umo\u017cliwienia komunikacji, a zatem wys\u0142ania zapytania za po\u015brednictwem formularza kontaktowego i nast\u0119pnie otrzymania odpowiedzi.<\/p>\n\n\n\n<p><strong>4)&nbsp;<\/strong>Kontaktuj\u0105c si\u0119 z nami za po\u015brednictwem formularza kontaktowego wyra\u017ca Pan\/Pani zgod\u0119 na przetwarzanie danych osobowych w celach, o kt\u00f3rych mowa w punkcie 3., a zatem podstaw\u0105 przetwarzania danych jest art. 6 ust. 1 lit. a). RODO \u2013 zgoda osoby, kt\u00f3rej dane dotycz\u0105.<\/p>\n\n\n\n<p><strong>5) Przys\u0142uguje Pani\/ Panu prawo do wycofania zgody na przetwarzanie danych osobowych w ka\u017cdym czasie, przy czym wycofanie zgody pozostaje bez wp\u0142ywu na zgodno\u015b\u0107 z prawem przetwarzania, kt\u00f3rego dokonano na podstawie tej zgody przed jej wycofaniem.<\/strong><\/p>\n\n\n\n<p><strong>6)&nbsp;<\/strong>Odbiorc\u0105 danych osobowych b\u0119dzie podmiot realizuj\u0105cy hosting strony internetowej. Administrator nie zamierza przekazywa\u0107 danych osobowych do pa\u0144stw trzecich poza obszar EOG, jak r\u00f3wnie\u017c do organizacji mi\u0119dzynarodowych.<\/p>\n\n\n\n<p><strong>7)&nbsp;<\/strong>Dane osobowe przetwarzane do celu wskazanego w punkcie 3. b\u0119d\u0105 przechowywane przez okres trwania korespondencji uzasadniony rodzajem zapytania (jednak nie d\u0142u\u017cej ni\u017c przez okres 3 miesi\u0119cy od daty zako\u0144czenia korespondencji), ewentualnie do czasu wcze\u015bniejszego odwo\u0142ania zgody na przetwarzanie. Po up\u0142ywie tego okresu dane zostan\u0105 usuni\u0119te.<\/p>\n\n\n\n<p><strong>8)&nbsp;<\/strong>Przys\u0142uguje Pani\/Panu prawo:<\/p>\n\n\n\n<ol class=\"wp-block-list\"><li>\u017c\u0105dania dost\u0119pu do danych oraz ich sprostowania,<\/li><li>ograniczenia przetwarzania lub usuni\u0119cia danych osobowych,<\/li><li>przeniesienia danych osobowych,<\/li><li>zg\u0142oszenia skargi do Prezesa Urz\u0119du Ochrony Danych Osobowych w razie dopuszczenia si\u0119 przez Administratora naruszenia obowi\u0105zk\u00f3w z zakresu ochrony danych osobowych.<\/li><\/ol>\n\n\n\n<p><strong>9)&nbsp;<\/strong>Podanie przez Pana\/Pani\u0105 danych osobowych jest dobrowolne. Konsekwencj\u0105 niepodania danych osobowych jest niemo\u017cno\u015b\u0107 komunikacji za po\u015brednictwem formularza kontaktowego.<\/p>\n\n\n\n<p><strong>10)&nbsp;<\/strong>Administrator nie stosuje zautomatyzowanego podejmowania decyzji, w tym profilowania.<\/p>\n","protected":false},"excerpt":{"rendered":"<p>Dzia\u0142aj\u0105c w oparciu o art. 13 ust. 1 i 2 Rozporz\u0105dzenia Parlamentu Europejskiego i Rady (UE) 2016\/679 z dnia 27 kwietnia 2016 r. w sprawie ochrony os\u00f3b fizycznych w zwi\u0105zku z przetwarzaniem danych osobowych i w sprawie swobodnego przep\u0142ywu takich<\/p>\n","protected":false},"author":1,"featured_media":0,"parent":0,"menu_order":0,"comment_status":"closed","ping_status":"closed","template":"","meta":{"footnotes":""},"class_list":["post-2493","page","type-page","status-publish","hentry"],"yoast_head":"<!-- This site is optimized with the Yoast SEO plugin v27.4 - https:\/\/yoast.com\/product\/yoast-seo-wordpress\/ -->\n<title>Klauzula informacyjna - Przedszkole Zag\u00f3rze<\/title>\n<meta name=\"robots\" content=\"index, follow, max-snippet:-1, max-image-preview:large, max-video-preview:-1\" \/>\n<link rel=\"canonical\" href=\"https:\/\/zagorze.schoolpage.pl\/index.php\/klauzula-informacyjna\/\" \/>\n<meta property=\"og:locale\" content=\"pl_PL\" \/>\n<meta property=\"og:type\" content=\"article\" \/>\n<meta property=\"og:title\" content=\"Klauzula informacyjna - Przedszkole Zag\u00f3rze\" \/>\n<meta property=\"og:description\" content=\"Dzia\u0142aj\u0105c w oparciu o art. 13 ust. 1 i 2 Rozporz\u0105dzenia Parlamentu Europejskiego i Rady (UE) 2016\/679 z dnia 27 kwietnia 2016 r. w sprawie ochrony os\u00f3b fizycznych w zwi\u0105zku z przetwarzaniem danych osobowych i w sprawie swobodnego przep\u0142ywu takich\" \/>\n<meta property=\"og:url\" content=\"https:\/\/zagorze.schoolpage.pl\/index.php\/klauzula-informacyjna\/\" \/>\n<meta property=\"og:site_name\" content=\"Przedszkole Zag\u00f3rze\" \/>\n<meta property=\"article:modified_time\" content=\"2020-10-16T06:58:38+00:00\" \/>\n<meta name=\"twitter:card\" content=\"summary_large_image\" \/>\n<meta name=\"twitter:label1\" content=\"Szacowany czas czytania\" \/>\n\t<meta name=\"twitter:data1\" content=\"2 minuty\" \/>\n<script type=\"application\/ld+json\" class=\"yoast-schema-graph\">{\"@context\":\"https:\\\/\\\/schema.org\",\"@graph\":[{\"@type\":\"WebPage\",\"@id\":\"https:\\\/\\\/zagorze.schoolpage.pl\\\/index.php\\\/klauzula-informacyjna\\\/\",\"url\":\"https:\\\/\\\/zagorze.schoolpage.pl\\\/index.php\\\/klauzula-informacyjna\\\/\",\"name\":\"Klauzula informacyjna - Przedszkole Zag\u00f3rze\",\"isPartOf\":{\"@id\":\"https:\\\/\\\/zagorze.schoolpage.pl\\\/#website\"},\"datePublished\":\"2020-10-15T23:10:42+00:00\",\"dateModified\":\"2020-10-16T06:58:38+00:00\",\"breadcrumb\":{\"@id\":\"https:\\\/\\\/zagorze.schoolpage.pl\\\/index.php\\\/klauzula-informacyjna\\\/#breadcrumb\"},\"inLanguage\":\"pl-PL\",\"potentialAction\":[{\"@type\":\"ReadAction\",\"target\":[\"https:\\\/\\\/zagorze.schoolpage.pl\\\/index.php\\\/klauzula-informacyjna\\\/\"]}]},{\"@type\":\"BreadcrumbList\",\"@id\":\"https:\\\/\\\/zagorze.schoolpage.pl\\\/index.php\\\/klauzula-informacyjna\\\/#breadcrumb\",\"itemListElement\":[{\"@type\":\"ListItem\",\"position\":1,\"name\":\"Strona g\u0142\u00f3wna\",\"item\":\"https:\\\/\\\/zagorze.schoolpage.pl\\\/\"},{\"@type\":\"ListItem\",\"position\":2,\"name\":\"Klauzula informacyjna\"}]},{\"@type\":\"WebSite\",\"@id\":\"https:\\\/\\\/zagorze.schoolpage.pl\\\/#website\",\"url\":\"https:\\\/\\\/zagorze.schoolpage.pl\\\/\",\"name\":\"Przedszkole Zag\u00f3rze\",\"description\":\"ul. \u017belatowa 8, 32-555 Zag\u00f3rze\",\"potentialAction\":[{\"@type\":\"SearchAction\",\"target\":{\"@type\":\"EntryPoint\",\"urlTemplate\":\"https:\\\/\\\/zagorze.schoolpage.pl\\\/?s={search_term_string}\"},\"query-input\":{\"@type\":\"PropertyValueSpecification\",\"valueRequired\":true,\"valueName\":\"search_term_string\"}}],\"inLanguage\":\"pl-PL\"}]}<\/script>\n<!-- \/ Yoast SEO plugin. -->","yoast_head_json":{"title":"Klauzula informacyjna - Przedszkole Zag\u00f3rze","robots":{"index":"index","follow":"follow","max-snippet":"max-snippet:-1","max-image-preview":"max-image-preview:large","max-video-preview":"max-video-preview:-1"},"canonical":"https:\/\/zagorze.schoolpage.pl\/index.php\/klauzula-informacyjna\/","og_locale":"pl_PL","og_type":"article","og_title":"Klauzula informacyjna - Przedszkole Zag\u00f3rze","og_description":"Dzia\u0142aj\u0105c w oparciu o art. 13 ust. 1 i 2 Rozporz\u0105dzenia Parlamentu Europejskiego i Rady (UE) 2016\/679 z dnia 27 kwietnia 2016 r. w sprawie ochrony os\u00f3b fizycznych w zwi\u0105zku z przetwarzaniem danych osobowych i w sprawie swobodnego przep\u0142ywu takich","og_url":"https:\/\/zagorze.schoolpage.pl\/index.php\/klauzula-informacyjna\/","og_site_name":"Przedszkole Zag\u00f3rze","article_modified_time":"2020-10-16T06:58:38+00:00","twitter_card":"summary_large_image","twitter_misc":{"Szacowany czas czytania":"2 minuty"},"schema":{"@context":"https:\/\/schema.org","@graph":[{"@type":"WebPage","@id":"https:\/\/zagorze.schoolpage.pl\/index.php\/klauzula-informacyjna\/","url":"https:\/\/zagorze.schoolpage.pl\/index.php\/klauzula-informacyjna\/","name":"Klauzula informacyjna - Przedszkole Zag\u00f3rze","isPartOf":{"@id":"https:\/\/zagorze.schoolpage.pl\/#website"},"datePublished":"2020-10-15T23:10:42+00:00","dateModified":"2020-10-16T06:58:38+00:00","breadcrumb":{"@id":"https:\/\/zagorze.schoolpage.pl\/index.php\/klauzula-informacyjna\/#breadcrumb"},"inLanguage":"pl-PL","potentialAction":[{"@type":"ReadAction","target":["https:\/\/zagorze.schoolpage.pl\/index.php\/klauzula-informacyjna\/"]}]},{"@type":"BreadcrumbList","@id":"https:\/\/zagorze.schoolpage.pl\/index.php\/klauzula-informacyjna\/#breadcrumb","itemListElement":[{"@type":"ListItem","position":1,"name":"Strona g\u0142\u00f3wna","item":"https:\/\/zagorze.schoolpage.pl\/"},{"@type":"ListItem","position":2,"name":"Klauzula informacyjna"}]},{"@type":"WebSite","@id":"https:\/\/zagorze.schoolpage.pl\/#website","url":"https:\/\/zagorze.schoolpage.pl\/","name":"Przedszkole Zag\u00f3rze","description":"ul. \u017belatowa 8, 32-555 Zag\u00f3rze","potentialAction":[{"@type":"SearchAction","target":{"@type":"EntryPoint","urlTemplate":"https:\/\/zagorze.schoolpage.pl\/?s={search_term_string}"},"query-input":{"@type":"PropertyValueSpecification","valueRequired":true,"valueName":"search_term_string"}}],"inLanguage":"pl-PL"}]}},"_links":{"self":[{"href":"https:\/\/zagorze.schoolpage.pl\/index.php\/wp-json\/wp\/v2\/pages\/2493","targetHints":{"allow":["GET"]}}],"collection":[{"href":"https:\/\/zagorze.schoolpage.pl\/index.php\/wp-json\/wp\/v2\/pages"}],"about":[{"href":"https:\/\/zagorze.schoolpage.pl\/index.php\/wp-json\/wp\/v2\/types\/page"}],"author":[{"embeddable":true,"href":"https:\/\/zagorze.schoolpage.pl\/index.php\/wp-json\/wp\/v2\/users\/1"}],"replies":[{"embeddable":true,"href":"https:\/\/zagorze.schoolpage.pl\/index.php\/wp-json\/wp\/v2\/comments?post=2493"}],"version-history":[{"count":2,"href":"https:\/\/zagorze.schoolpage.pl\/index.php\/wp-json\/wp\/v2\/pages\/2493\/revisions"}],"predecessor-version":[{"id":2497,"href":"https:\/\/zagorze.schoolpage.pl\/index.php\/wp-json\/wp\/v2\/pages\/2493\/revisions\/2497"}],"wp:attachment":[{"href":"https:\/\/zagorze.schoolpage.pl\/index.php\/wp-json\/wp\/v2\/media?parent=2493"}],"curies":[{"name":"wp","href":"https:\/\/api.w.org\/{rel}","templated":true}]}}