{"id":31,"date":"2019-07-01T21:51:10","date_gmt":"2019-07-01T19:51:10","guid":{"rendered":"https:\/\/zagorze.schoolpage.pl\/?page_id=31"},"modified":"2019-07-01T22:55:00","modified_gmt":"2019-07-01T20:55:00","slug":"harmonogram-dnia","status":"publish","type":"page","link":"https:\/\/zagorze.schoolpage.pl\/index.php\/harmonogram-dnia\/","title":{"rendered":"Harmonogram dnia"},"content":{"rendered":"\n<p>RAMOWY  ROZK\u0141AD  DNIA<br>\nPrac\u0119 z dzie\u0107mi planuje si\u0119 w zale\u017cno\u015bci od warunk\u00f3w atmosferycznych w sali b\u0105d\u017a na \u015bwie\u017cym powietrzu.<br>\nI.    Przed \u015bniadaniem od godz. 6.30 do godz. 8.30<\/p>\n\n\n\n<ol class=\"wp-block-list\"><li>Schodzenie si\u0119 dzieci.<\/li><li>Indywidualna realizacja zada\u0144 edukacyjnych, dodatkowe dzia\u0142ania edukacyjne dla dzieci z deficytami rozwojowymi i dla dzieci zdolnych.<\/li><li>Wsp\u00f3lna zabawa z udzia\u0142em nauczyciela oraz zabawy swobodne wed\u0142ug zainteresowa\u0144 dzieci.<\/li><li>\u0106wiczenia poranne.<\/li><li>Zabiegi higieniczne.<\/li><li>\u015aniadanie \u2013 godz. 9.00<\/li><\/ol>\n\n\n\n<p>II.    Zaj\u0119cia programowe od godz. 10.00 do godz. 11.00<\/p>\n\n\n\n<ol class=\"wp-block-list\"><li>Realizacja zada\u0144 edukacyjnych w r\u00f3\u017cnych sferach aktywno\u015bci dziecka, dostosowane do mo\u017cliwo\u015bci indywidualnych dziecka:<\/li><\/ol>\n\n\n\n<ul class=\"wp-block-list\"><li>dzia\u0142ania zespo\u0142owe<\/li><li>z ca\u0142\u0105 grup\u0105<\/li><li>praca indywidualna<\/li><\/ul>\n\n\n\n<ol class=\"wp-block-list\"><li>Zabawy zorganizowane i swobodne w ogrodzie przedszkolnym lub<br>\n w sali:<\/li><\/ol>\n\n\n\n<ul class=\"wp-block-list\"><li>poznawanie najbli\u017cszego otoczenia<\/li><li>wycieczki<\/li><li>spacery<\/li><\/ul>\n\n\n\n<ol class=\"wp-block-list\"><li>Zabiegi higieniczne.<\/li><li>Obiad \u2013 godz. 12.00<\/li><\/ol>\n\n\n\n<p>III.    Poobiedni relaks od godz. 12.30 do godz. 14.00<\/p>\n\n\n\n<ol class=\"wp-block-list\"><li>W grupach m\u0142odszych le\u017cakowanie ze s\u0142uchaniem bajek.<\/li><li>W grupach starszych wyciszenie dzieci za pomoc\u0105 wybranych technik relaksacyjnych.<\/li><li>Praca z dzieckiem o indywidualnych potrzebach rozwojowych, realizacja pomys\u0142\u00f3w dzieci, propozycje dodatkowych zaj\u0119\u0107 dla ch\u0119tnych dzieci.            <\/li><li>Zabiegi higieniczne.<\/li><li>Podwieczorek \u2013 godz. 14.00<\/li><\/ol>\n\n\n\n<p>IV.    Wsp\u00f3lne i indywidualne formy pracy z dzie\u0107mi<br>\n           od godz. 14.15 do 16.30<\/p>\n\n\n\n<ol class=\"wp-block-list\"><li>Aktywno\u015b\u0107 w\u0142asna dzieci, zabawy ruchowe w sali i na powietrzu   w ogrodzie przedszkolnym lub placu zabaw.<\/li><li>Rozchodzenie si\u0119 dzieci.<\/li><\/ol>\n","protected":false},"excerpt":{"rendered":"<p>RAMOWY ROZK\u0141AD DNIA Prac\u0119 z dzie\u0107mi planuje si\u0119 w zale\u017cno\u015bci od warunk\u00f3w atmosferycznych w sali b\u0105d\u017a na \u015bwie\u017cym powietrzu. I. Przed \u015bniadaniem od godz. 6.30 do godz. 8.30 Schodzenie si\u0119 dzieci. Indywidualna realizacja zada\u0144 edukacyjnych, dodatkowe dzia\u0142ania edukacyjne dla dzieci<\/p>\n","protected":false},"author":1,"featured_media":0,"parent":0,"menu_order":0,"comment_status":"closed","ping_status":"closed","template":"","meta":{"footnotes":""},"class_list":["post-31","page","type-page","status-publish","hentry"],"yoast_head":"<!-- This site is optimized with the Yoast SEO plugin v27.3 - https:\/\/yoast.com\/product\/yoast-seo-wordpress\/ -->\n<title>Harmonogram dnia - Przedszkole Zag\u00f3rze<\/title>\n<meta name=\"robots\" content=\"index, follow, max-snippet:-1, max-image-preview:large, max-video-preview:-1\" \/>\n<link rel=\"canonical\" href=\"https:\/\/zagorze.schoolpage.pl\/index.php\/harmonogram-dnia\/\" \/>\n<meta property=\"og:locale\" content=\"pl_PL\" \/>\n<meta property=\"og:type\" content=\"article\" \/>\n<meta property=\"og:title\" content=\"Harmonogram dnia - Przedszkole Zag\u00f3rze\" \/>\n<meta property=\"og:description\" content=\"RAMOWY ROZK\u0141AD DNIA Prac\u0119 z dzie\u0107mi planuje si\u0119 w zale\u017cno\u015bci od warunk\u00f3w atmosferycznych w sali b\u0105d\u017a na \u015bwie\u017cym powietrzu. I. Przed \u015bniadaniem od godz. 6.30 do godz. 8.30 Schodzenie si\u0119 dzieci. Indywidualna realizacja zada\u0144 edukacyjnych, dodatkowe dzia\u0142ania edukacyjne dla dzieci\" \/>\n<meta property=\"og:url\" content=\"https:\/\/zagorze.schoolpage.pl\/index.php\/harmonogram-dnia\/\" \/>\n<meta property=\"og:site_name\" content=\"Przedszkole Zag\u00f3rze\" \/>\n<meta property=\"article:modified_time\" content=\"2019-07-01T20:55:00+00:00\" \/>\n<meta name=\"twitter:card\" content=\"summary_large_image\" \/>\n<meta name=\"twitter:label1\" content=\"Szacowany czas czytania\" \/>\n\t<meta name=\"twitter:data1\" content=\"1 minuta\" \/>\n<script type=\"application\/ld+json\" class=\"yoast-schema-graph\">{\"@context\":\"https:\\\/\\\/schema.org\",\"@graph\":[{\"@type\":\"WebPage\",\"@id\":\"https:\\\/\\\/zagorze.schoolpage.pl\\\/index.php\\\/harmonogram-dnia\\\/\",\"url\":\"https:\\\/\\\/zagorze.schoolpage.pl\\\/index.php\\\/harmonogram-dnia\\\/\",\"name\":\"Harmonogram dnia - Przedszkole Zag\u00f3rze\",\"isPartOf\":{\"@id\":\"https:\\\/\\\/zagorze.schoolpage.pl\\\/#website\"},\"datePublished\":\"2019-07-01T19:51:10+00:00\",\"dateModified\":\"2019-07-01T20:55:00+00:00\",\"breadcrumb\":{\"@id\":\"https:\\\/\\\/zagorze.schoolpage.pl\\\/index.php\\\/harmonogram-dnia\\\/#breadcrumb\"},\"inLanguage\":\"pl-PL\",\"potentialAction\":[{\"@type\":\"ReadAction\",\"target\":[\"https:\\\/\\\/zagorze.schoolpage.pl\\\/index.php\\\/harmonogram-dnia\\\/\"]}]},{\"@type\":\"BreadcrumbList\",\"@id\":\"https:\\\/\\\/zagorze.schoolpage.pl\\\/index.php\\\/harmonogram-dnia\\\/#breadcrumb\",\"itemListElement\":[{\"@type\":\"ListItem\",\"position\":1,\"name\":\"Strona g\u0142\u00f3wna\",\"item\":\"https:\\\/\\\/zagorze.schoolpage.pl\\\/\"},{\"@type\":\"ListItem\",\"position\":2,\"name\":\"Harmonogram dnia\"}]},{\"@type\":\"WebSite\",\"@id\":\"https:\\\/\\\/zagorze.schoolpage.pl\\\/#website\",\"url\":\"https:\\\/\\\/zagorze.schoolpage.pl\\\/\",\"name\":\"Przedszkole Zag\u00f3rze\",\"description\":\"ul. \u017belatowa 8, 32-555 Zag\u00f3rze\",\"potentialAction\":[{\"@type\":\"SearchAction\",\"target\":{\"@type\":\"EntryPoint\",\"urlTemplate\":\"https:\\\/\\\/zagorze.schoolpage.pl\\\/?s={search_term_string}\"},\"query-input\":{\"@type\":\"PropertyValueSpecification\",\"valueRequired\":true,\"valueName\":\"search_term_string\"}}],\"inLanguage\":\"pl-PL\"}]}<\/script>\n<!-- \/ Yoast SEO plugin. -->","yoast_head_json":{"title":"Harmonogram dnia - Przedszkole Zag\u00f3rze","robots":{"index":"index","follow":"follow","max-snippet":"max-snippet:-1","max-image-preview":"max-image-preview:large","max-video-preview":"max-video-preview:-1"},"canonical":"https:\/\/zagorze.schoolpage.pl\/index.php\/harmonogram-dnia\/","og_locale":"pl_PL","og_type":"article","og_title":"Harmonogram dnia - Przedszkole Zag\u00f3rze","og_description":"RAMOWY ROZK\u0141AD DNIA Prac\u0119 z dzie\u0107mi planuje si\u0119 w zale\u017cno\u015bci od warunk\u00f3w atmosferycznych w sali b\u0105d\u017a na \u015bwie\u017cym powietrzu. I. Przed \u015bniadaniem od godz. 6.30 do godz. 8.30 Schodzenie si\u0119 dzieci. Indywidualna realizacja zada\u0144 edukacyjnych, dodatkowe dzia\u0142ania edukacyjne dla dzieci","og_url":"https:\/\/zagorze.schoolpage.pl\/index.php\/harmonogram-dnia\/","og_site_name":"Przedszkole Zag\u00f3rze","article_modified_time":"2019-07-01T20:55:00+00:00","twitter_card":"summary_large_image","twitter_misc":{"Szacowany czas czytania":"1 minuta"},"schema":{"@context":"https:\/\/schema.org","@graph":[{"@type":"WebPage","@id":"https:\/\/zagorze.schoolpage.pl\/index.php\/harmonogram-dnia\/","url":"https:\/\/zagorze.schoolpage.pl\/index.php\/harmonogram-dnia\/","name":"Harmonogram dnia - Przedszkole Zag\u00f3rze","isPartOf":{"@id":"https:\/\/zagorze.schoolpage.pl\/#website"},"datePublished":"2019-07-01T19:51:10+00:00","dateModified":"2019-07-01T20:55:00+00:00","breadcrumb":{"@id":"https:\/\/zagorze.schoolpage.pl\/index.php\/harmonogram-dnia\/#breadcrumb"},"inLanguage":"pl-PL","potentialAction":[{"@type":"ReadAction","target":["https:\/\/zagorze.schoolpage.pl\/index.php\/harmonogram-dnia\/"]}]},{"@type":"BreadcrumbList","@id":"https:\/\/zagorze.schoolpage.pl\/index.php\/harmonogram-dnia\/#breadcrumb","itemListElement":[{"@type":"ListItem","position":1,"name":"Strona g\u0142\u00f3wna","item":"https:\/\/zagorze.schoolpage.pl\/"},{"@type":"ListItem","position":2,"name":"Harmonogram dnia"}]},{"@type":"WebSite","@id":"https:\/\/zagorze.schoolpage.pl\/#website","url":"https:\/\/zagorze.schoolpage.pl\/","name":"Przedszkole Zag\u00f3rze","description":"ul. \u017belatowa 8, 32-555 Zag\u00f3rze","potentialAction":[{"@type":"SearchAction","target":{"@type":"EntryPoint","urlTemplate":"https:\/\/zagorze.schoolpage.pl\/?s={search_term_string}"},"query-input":{"@type":"PropertyValueSpecification","valueRequired":true,"valueName":"search_term_string"}}],"inLanguage":"pl-PL"}]}},"_links":{"self":[{"href":"https:\/\/zagorze.schoolpage.pl\/index.php\/wp-json\/wp\/v2\/pages\/31","targetHints":{"allow":["GET"]}}],"collection":[{"href":"https:\/\/zagorze.schoolpage.pl\/index.php\/wp-json\/wp\/v2\/pages"}],"about":[{"href":"https:\/\/zagorze.schoolpage.pl\/index.php\/wp-json\/wp\/v2\/types\/page"}],"author":[{"embeddable":true,"href":"https:\/\/zagorze.schoolpage.pl\/index.php\/wp-json\/wp\/v2\/users\/1"}],"replies":[{"embeddable":true,"href":"https:\/\/zagorze.schoolpage.pl\/index.php\/wp-json\/wp\/v2\/comments?post=31"}],"version-history":[{"count":5,"href":"https:\/\/zagorze.schoolpage.pl\/index.php\/wp-json\/wp\/v2\/pages\/31\/revisions"}],"predecessor-version":[{"id":75,"href":"https:\/\/zagorze.schoolpage.pl\/index.php\/wp-json\/wp\/v2\/pages\/31\/revisions\/75"}],"wp:attachment":[{"href":"https:\/\/zagorze.schoolpage.pl\/index.php\/wp-json\/wp\/v2\/media?parent=31"}],"curies":[{"name":"wp","href":"https:\/\/api.w.org\/{rel}","templated":true}]}}