{"id":8,"date":"2019-07-01T21:38:17","date_gmt":"2019-07-01T19:38:17","guid":{"rendered":"https:\/\/zagorze.schoolpage.pl\/?page_id=8"},"modified":"2025-09-17T18:35:48","modified_gmt":"2025-09-17T16:35:48","slug":"o-nas","status":"publish","type":"page","link":"https:\/\/zagorze.schoolpage.pl\/index.php\/o-nas\/","title":{"rendered":"Programy i projekty"},"content":{"rendered":"\n<p class=\"has-text-align-center has-vivid-red-color has-text-color has-link-color has-large-font-size wp-elements-70cb5e2c26ccf665688769a36a38eb13\"><strong>Projekt realizowany w 2025 roku:<\/strong><\/p>\n\n\n\n<figure class=\"wp-block-gallery has-nested-images columns-default is-cropped wp-block-gallery-1 is-layout-flex wp-block-gallery-is-layout-flex\">\n<figure class=\"wp-block-image size-large\"><img loading=\"lazy\" decoding=\"async\" width=\"1024\" height=\"724\" data-id=\"7739\" src=\"https:\/\/zagorze.schoolpage.pl\/wp-content\/uploads\/2025\/06\/FE-plakat-A3_Babice_2-1024x724.jpg\" alt=\"\" class=\"wp-image-7739\" srcset=\"https:\/\/zagorze.schoolpage.pl\/wp-content\/uploads\/2025\/06\/FE-plakat-A3_Babice_2-1024x724.jpg 1024w, https:\/\/zagorze.schoolpage.pl\/wp-content\/uploads\/2025\/06\/FE-plakat-A3_Babice_2-300x212.jpg 300w, https:\/\/zagorze.schoolpage.pl\/wp-content\/uploads\/2025\/06\/FE-plakat-A3_Babice_2-768x543.jpg 768w, https:\/\/zagorze.schoolpage.pl\/wp-content\/uploads\/2025\/06\/FE-plakat-A3_Babice_2-1536x1086.jpg 1536w, https:\/\/zagorze.schoolpage.pl\/wp-content\/uploads\/2025\/06\/FE-plakat-A3_Babice_2-2048x1448.jpg 2048w\" sizes=\"auto, (max-width: 1024px) 100vw, 1024px\" \/><\/figure>\n<\/figure>\n\n\n\n<div class=\"wp-block-file\"><a id=\"wp-block-file--media-bec5d4b3-1208-4639-9a13-86c09fa9903e\" href=\"https:\/\/zagorze.schoolpage.pl\/wp-content\/uploads\/2025\/02\/Regulamin-rekrutacji-i-uczestnictwa-w-projekcie1.docx\">Regulamin rekrutacji i uczestnictwa w projekcie<\/a><a href=\"https:\/\/zagorze.schoolpage.pl\/wp-content\/uploads\/2025\/02\/Regulamin-rekrutacji-i-uczestnictwa-w-projekcie1.docx\" class=\"wp-block-file__button wp-element-button\" download aria-describedby=\"wp-block-file--media-bec5d4b3-1208-4639-9a13-86c09fa9903e\">Pobierz<\/a><\/div>\n\n\n\n<p><\/p>\n\n\n\n<p><\/p>\n","protected":false},"excerpt":{"rendered":"<p>Projekt realizowany w 2025 roku:<\/p>\n","protected":false},"author":1,"featured_media":0,"parent":0,"menu_order":0,"comment_status":"closed","ping_status":"closed","template":"","meta":{"footnotes":""},"class_list":["post-8","page","type-page","status-publish","hentry"],"yoast_head":"<!-- This site is optimized with the Yoast SEO plugin v27.4 - https:\/\/yoast.com\/product\/yoast-seo-wordpress\/ -->\n<title>Programy i projekty - Przedszkole Zag\u00f3rze<\/title>\n<meta name=\"robots\" content=\"index, follow, max-snippet:-1, max-image-preview:large, max-video-preview:-1\" \/>\n<link rel=\"canonical\" href=\"https:\/\/zagorze.schoolpage.pl\/index.php\/o-nas\/\" \/>\n<meta property=\"og:locale\" content=\"pl_PL\" \/>\n<meta property=\"og:type\" content=\"article\" \/>\n<meta property=\"og:title\" content=\"Programy i projekty - Przedszkole Zag\u00f3rze\" \/>\n<meta property=\"og:description\" content=\"Projekt realizowany w 2025 roku:\" \/>\n<meta property=\"og:url\" content=\"https:\/\/zagorze.schoolpage.pl\/index.php\/o-nas\/\" \/>\n<meta property=\"og:site_name\" content=\"Przedszkole Zag\u00f3rze\" \/>\n<meta property=\"article:modified_time\" content=\"2025-09-17T16:35:48+00:00\" \/>\n<meta property=\"og:image\" content=\"https:\/\/zagorze.schoolpage.pl\/wp-content\/uploads\/2025\/06\/FE-plakat-A3_Babice_2-scaled.jpg\" \/>\n\t<meta property=\"og:image:width\" content=\"2560\" \/>\n\t<meta property=\"og:image:height\" content=\"1810\" \/>\n\t<meta property=\"og:image:type\" content=\"image\/jpeg\" \/>\n<meta name=\"twitter:card\" content=\"summary_large_image\" \/>\n<meta name=\"twitter:label1\" content=\"Szacowany czas czytania\" \/>\n\t<meta name=\"twitter:data1\" content=\"4 minuty\" \/>\n<script type=\"application\/ld+json\" class=\"yoast-schema-graph\">{\"@context\":\"https:\\\/\\\/schema.org\",\"@graph\":[{\"@type\":\"WebPage\",\"@id\":\"https:\\\/\\\/zagorze.schoolpage.pl\\\/index.php\\\/o-nas\\\/\",\"url\":\"https:\\\/\\\/zagorze.schoolpage.pl\\\/index.php\\\/o-nas\\\/\",\"name\":\"Programy i projekty - Przedszkole Zag\u00f3rze\",\"isPartOf\":{\"@id\":\"https:\\\/\\\/zagorze.schoolpage.pl\\\/#website\"},\"primaryImageOfPage\":{\"@id\":\"https:\\\/\\\/zagorze.schoolpage.pl\\\/index.php\\\/o-nas\\\/#primaryimage\"},\"image\":{\"@id\":\"https:\\\/\\\/zagorze.schoolpage.pl\\\/index.php\\\/o-nas\\\/#primaryimage\"},\"thumbnailUrl\":\"https:\\\/\\\/zagorze.schoolpage.pl\\\/wp-content\\\/uploads\\\/2025\\\/06\\\/FE-plakat-A3_Babice_2-1024x724.jpg\",\"datePublished\":\"2019-07-01T19:38:17+00:00\",\"dateModified\":\"2025-09-17T16:35:48+00:00\",\"breadcrumb\":{\"@id\":\"https:\\\/\\\/zagorze.schoolpage.pl\\\/index.php\\\/o-nas\\\/#breadcrumb\"},\"inLanguage\":\"pl-PL\",\"potentialAction\":[{\"@type\":\"ReadAction\",\"target\":[\"https:\\\/\\\/zagorze.schoolpage.pl\\\/index.php\\\/o-nas\\\/\"]}]},{\"@type\":\"ImageObject\",\"inLanguage\":\"pl-PL\",\"@id\":\"https:\\\/\\\/zagorze.schoolpage.pl\\\/index.php\\\/o-nas\\\/#primaryimage\",\"url\":\"https:\\\/\\\/zagorze.schoolpage.pl\\\/wp-content\\\/uploads\\\/2025\\\/06\\\/FE-plakat-A3_Babice_2-scaled.jpg\",\"contentUrl\":\"https:\\\/\\\/zagorze.schoolpage.pl\\\/wp-content\\\/uploads\\\/2025\\\/06\\\/FE-plakat-A3_Babice_2-scaled.jpg\",\"width\":2560,\"height\":1810},{\"@type\":\"BreadcrumbList\",\"@id\":\"https:\\\/\\\/zagorze.schoolpage.pl\\\/index.php\\\/o-nas\\\/#breadcrumb\",\"itemListElement\":[{\"@type\":\"ListItem\",\"position\":1,\"name\":\"Strona g\u0142\u00f3wna\",\"item\":\"https:\\\/\\\/zagorze.schoolpage.pl\\\/\"},{\"@type\":\"ListItem\",\"position\":2,\"name\":\"Programy i projekty\"}]},{\"@type\":\"WebSite\",\"@id\":\"https:\\\/\\\/zagorze.schoolpage.pl\\\/#website\",\"url\":\"https:\\\/\\\/zagorze.schoolpage.pl\\\/\",\"name\":\"Przedszkole Zag\u00f3rze\",\"description\":\"ul. \u017belatowa 8, 32-555 Zag\u00f3rze\",\"potentialAction\":[{\"@type\":\"SearchAction\",\"target\":{\"@type\":\"EntryPoint\",\"urlTemplate\":\"https:\\\/\\\/zagorze.schoolpage.pl\\\/?s={search_term_string}\"},\"query-input\":{\"@type\":\"PropertyValueSpecification\",\"valueRequired\":true,\"valueName\":\"search_term_string\"}}],\"inLanguage\":\"pl-PL\"}]}<\/script>\n<!-- \/ Yoast SEO plugin. -->","yoast_head_json":{"title":"Programy i projekty - Przedszkole Zag\u00f3rze","robots":{"index":"index","follow":"follow","max-snippet":"max-snippet:-1","max-image-preview":"max-image-preview:large","max-video-preview":"max-video-preview:-1"},"canonical":"https:\/\/zagorze.schoolpage.pl\/index.php\/o-nas\/","og_locale":"pl_PL","og_type":"article","og_title":"Programy i projekty - Przedszkole Zag\u00f3rze","og_description":"Projekt realizowany w 2025 roku:","og_url":"https:\/\/zagorze.schoolpage.pl\/index.php\/o-nas\/","og_site_name":"Przedszkole Zag\u00f3rze","article_modified_time":"2025-09-17T16:35:48+00:00","og_image":[{"width":2560,"height":1810,"url":"https:\/\/zagorze.schoolpage.pl\/wp-content\/uploads\/2025\/06\/FE-plakat-A3_Babice_2-scaled.jpg","type":"image\/jpeg"}],"twitter_card":"summary_large_image","twitter_misc":{"Szacowany czas czytania":"4 minuty"},"schema":{"@context":"https:\/\/schema.org","@graph":[{"@type":"WebPage","@id":"https:\/\/zagorze.schoolpage.pl\/index.php\/o-nas\/","url":"https:\/\/zagorze.schoolpage.pl\/index.php\/o-nas\/","name":"Programy i projekty - Przedszkole Zag\u00f3rze","isPartOf":{"@id":"https:\/\/zagorze.schoolpage.pl\/#website"},"primaryImageOfPage":{"@id":"https:\/\/zagorze.schoolpage.pl\/index.php\/o-nas\/#primaryimage"},"image":{"@id":"https:\/\/zagorze.schoolpage.pl\/index.php\/o-nas\/#primaryimage"},"thumbnailUrl":"https:\/\/zagorze.schoolpage.pl\/wp-content\/uploads\/2025\/06\/FE-plakat-A3_Babice_2-1024x724.jpg","datePublished":"2019-07-01T19:38:17+00:00","dateModified":"2025-09-17T16:35:48+00:00","breadcrumb":{"@id":"https:\/\/zagorze.schoolpage.pl\/index.php\/o-nas\/#breadcrumb"},"inLanguage":"pl-PL","potentialAction":[{"@type":"ReadAction","target":["https:\/\/zagorze.schoolpage.pl\/index.php\/o-nas\/"]}]},{"@type":"ImageObject","inLanguage":"pl-PL","@id":"https:\/\/zagorze.schoolpage.pl\/index.php\/o-nas\/#primaryimage","url":"https:\/\/zagorze.schoolpage.pl\/wp-content\/uploads\/2025\/06\/FE-plakat-A3_Babice_2-scaled.jpg","contentUrl":"https:\/\/zagorze.schoolpage.pl\/wp-content\/uploads\/2025\/06\/FE-plakat-A3_Babice_2-scaled.jpg","width":2560,"height":1810},{"@type":"BreadcrumbList","@id":"https:\/\/zagorze.schoolpage.pl\/index.php\/o-nas\/#breadcrumb","itemListElement":[{"@type":"ListItem","position":1,"name":"Strona g\u0142\u00f3wna","item":"https:\/\/zagorze.schoolpage.pl\/"},{"@type":"ListItem","position":2,"name":"Programy i projekty"}]},{"@type":"WebSite","@id":"https:\/\/zagorze.schoolpage.pl\/#website","url":"https:\/\/zagorze.schoolpage.pl\/","name":"Przedszkole Zag\u00f3rze","description":"ul. \u017belatowa 8, 32-555 Zag\u00f3rze","potentialAction":[{"@type":"SearchAction","target":{"@type":"EntryPoint","urlTemplate":"https:\/\/zagorze.schoolpage.pl\/?s={search_term_string}"},"query-input":{"@type":"PropertyValueSpecification","valueRequired":true,"valueName":"search_term_string"}}],"inLanguage":"pl-PL"}]}},"_links":{"self":[{"href":"https:\/\/zagorze.schoolpage.pl\/index.php\/wp-json\/wp\/v2\/pages\/8","targetHints":{"allow":["GET"]}}],"collection":[{"href":"https:\/\/zagorze.schoolpage.pl\/index.php\/wp-json\/wp\/v2\/pages"}],"about":[{"href":"https:\/\/zagorze.schoolpage.pl\/index.php\/wp-json\/wp\/v2\/types\/page"}],"author":[{"embeddable":true,"href":"https:\/\/zagorze.schoolpage.pl\/index.php\/wp-json\/wp\/v2\/users\/1"}],"replies":[{"embeddable":true,"href":"https:\/\/zagorze.schoolpage.pl\/index.php\/wp-json\/wp\/v2\/comments?post=8"}],"version-history":[{"count":15,"href":"https:\/\/zagorze.schoolpage.pl\/index.php\/wp-json\/wp\/v2\/pages\/8\/revisions"}],"predecessor-version":[{"id":7819,"href":"https:\/\/zagorze.schoolpage.pl\/index.php\/wp-json\/wp\/v2\/pages\/8\/revisions\/7819"}],"wp:attachment":[{"href":"https:\/\/zagorze.schoolpage.pl\/index.php\/wp-json\/wp\/v2\/media?parent=8"}],"curies":[{"name":"wp","href":"https:\/\/api.w.org\/{rel}","templated":true}]}}