{"id":8191,"date":"2026-03-02T16:49:21","date_gmt":"2026-03-02T15:49:21","guid":{"rendered":"https:\/\/zagorze.schoolpage.pl\/?page_id=8191"},"modified":"2026-03-02T17:19:33","modified_gmt":"2026-03-02T16:19:33","slug":"wyzywienie","status":"publish","type":"page","link":"https:\/\/zagorze.schoolpage.pl\/index.php\/przedszkole\/wyzywienie\/","title":{"rendered":"Wy\u017cywienie"},"content":{"rendered":"\n<h3 class=\"wp-block-heading has-text-align-center\"><strong>\ud83c\udf4e Wy\u017cywienie w naszym przedszkolu<\/strong><\/h3>\n\n\n\n<p>W naszym przedszkolu ogromn\u0105 wag\u0119 przywi\u0105zujemy do zdrowego i zbilansowanego wy\u017cywienia dzieci. Codzienne posi\u0142ki s\u0105 przygotowywane z wysokiej jako\u015bci, \u015bwie\u017cych produkt\u00f3w, zgodnie z aktualnymi normami \u017cywieniowymi dla najm\u0142odszych.<\/p>\n\n\n\n<p>Dbamy o to, aby by\u0142o nie tylko zdrowo, ale r\u00f3wnie\u017c smacznie \ud83d\ude0a Nasze menu jest urozmaicone, kolorowe i dostosowane do potrzeb dzieci, tak aby ch\u0119tnie pr\u00f3bowa\u0142y nowych smak\u00f3w i kszta\u0142towa\u0142y prawid\u0142owe nawyki \u017cywieniowe.<\/p>\n\n\n\n<p>Respektujemy indywidualne potrzeby \u017cywieniowe naszych podopiecznych. Przygotowujemy posi\u0142ki zgodnie z zaleceniami lekarskimi oraz uwzgl\u0119dniamy r\u00f3\u017cnego rodzaju diety, w tym m.in. diety bezglutenowe, bezmleczne, wegetaria\u0144skie czy eliminacyjne wynikaj\u0105ce z alergii pokarmowych.<\/p>\n\n\n\n<p>Zdrowe \u017cywienie to dla nas wa\u017cny element codziennej troski o prawid\u0142owy rozw\u00f3j i dobre samopoczucie dzieci.<\/p>\n\n\n\n<hr class=\"wp-block-separator has-alpha-channel-opacity\"\/>\n\n\n\n<p><\/p>\n\n\n\n<figure class=\"wp-block-image size-large\"><img loading=\"lazy\" decoding=\"async\" width=\"724\" height=\"1024\" src=\"https:\/\/zagorze.schoolpage.pl\/wp-content\/uploads\/2026\/03\/Zielony-i-Czerwony-Akwarelowy-Swiateczny-Menu-A4-724x1024.jpg\" alt=\"\" class=\"wp-image-8196\" srcset=\"https:\/\/zagorze.schoolpage.pl\/wp-content\/uploads\/2026\/03\/Zielony-i-Czerwony-Akwarelowy-Swiateczny-Menu-A4-724x1024.jpg 724w, https:\/\/zagorze.schoolpage.pl\/wp-content\/uploads\/2026\/03\/Zielony-i-Czerwony-Akwarelowy-Swiateczny-Menu-A4-212x300.jpg 212w, https:\/\/zagorze.schoolpage.pl\/wp-content\/uploads\/2026\/03\/Zielony-i-Czerwony-Akwarelowy-Swiateczny-Menu-A4-768x1086.jpg 768w, https:\/\/zagorze.schoolpage.pl\/wp-content\/uploads\/2026\/03\/Zielony-i-Czerwony-Akwarelowy-Swiateczny-Menu-A4-1086x1536.jpg 1086w, https:\/\/zagorze.schoolpage.pl\/wp-content\/uploads\/2026\/03\/Zielony-i-Czerwony-Akwarelowy-Swiateczny-Menu-A4.jpg 1414w\" sizes=\"auto, (max-width: 724px) 100vw, 724px\" \/><\/figure>\n\n\n\n<p><\/p>\n","protected":false},"excerpt":{"rendered":"<p>\ud83c\udf4e Wy\u017cywienie w naszym przedszkolu W naszym przedszkolu ogromn\u0105 wag\u0119 przywi\u0105zujemy do zdrowego i zbilansowanego wy\u017cywienia dzieci. Codzienne posi\u0142ki s\u0105 przygotowywane z wysokiej jako\u015bci, \u015bwie\u017cych produkt\u00f3w, zgodnie z aktualnymi normami \u017cywieniowymi dla najm\u0142odszych. Dbamy o to, aby by\u0142o nie tylko<\/p>\n","protected":false},"author":2,"featured_media":0,"parent":63,"menu_order":1,"comment_status":"closed","ping_status":"closed","template":"","meta":{"footnotes":""},"class_list":["post-8191","page","type-page","status-publish","hentry"],"_links":{"self":[{"href":"https:\/\/zagorze.schoolpage.pl\/index.php\/wp-json\/wp\/v2\/pages\/8191","targetHints":{"allow":["GET"]}}],"collection":[{"href":"https:\/\/zagorze.schoolpage.pl\/index.php\/wp-json\/wp\/v2\/pages"}],"about":[{"href":"https:\/\/zagorze.schoolpage.pl\/index.php\/wp-json\/wp\/v2\/types\/page"}],"author":[{"embeddable":true,"href":"https:\/\/zagorze.schoolpage.pl\/index.php\/wp-json\/wp\/v2\/users\/2"}],"replies":[{"embeddable":true,"href":"https:\/\/zagorze.schoolpage.pl\/index.php\/wp-json\/wp\/v2\/comments?post=8191"}],"version-history":[{"count":3,"href":"https:\/\/zagorze.schoolpage.pl\/index.php\/wp-json\/wp\/v2\/pages\/8191\/revisions"}],"predecessor-version":[{"id":8197,"href":"https:\/\/zagorze.schoolpage.pl\/index.php\/wp-json\/wp\/v2\/pages\/8191\/revisions\/8197"}],"up":[{"embeddable":true,"href":"https:\/\/zagorze.schoolpage.pl\/index.php\/wp-json\/wp\/v2\/pages\/63"}],"wp:attachment":[{"href":"https:\/\/zagorze.schoolpage.pl\/index.php\/wp-json\/wp\/v2\/media?parent=8191"}],"curies":[{"name":"wp","href":"https:\/\/api.w.org\/{rel}","templated":true}]}}